{"id":80459,"date":"2023-07-24T17:42:07","date_gmt":"2023-07-24T14:42:07","guid":{"rendered":"https:\/\/kavial.ee\/www\/?page_id=80459"},"modified":"2025-01-08T23:17:42","modified_gmt":"2025-01-08T21:17:42","slug":"company","status":"publish","type":"page","link":"https:\/\/kavial.ee\/en\/company\/","title":{"rendered":"Company"},"content":{"rendered":"<h1 class=\"wp-block-heading\">Kavial<\/h1>\n\n\n\n<p style=\"font-size:16px\">Kavial was established on 19 May 1994 in Tallinn.<\/p>\n\n\n\n<p style=\"font-size:16px\">Over the years, our company became one of the leading complex service providers for industrial companies in the Baltic\nStates, and gained a good reputation amid partners and customers. In order to become the best supplier, our specialists\nare constantly monitoring market tendencies, participating in internationaltrade fairs and seminars, improving service\nmethods, raising professional level and exchanging experiences with foreign partners. <\/p>\n\n\n\n<p style=\"font-size:16px\">We participate in such organizations as European Power Transmission Distributor Association, World Bearing\nAssociation and bearing distributor network BearingNet. Our company is the member of Estonian Chamber of Commerce\nand Industry.<\/p>\n\n\n\n<div class=\"wp-block-columns are-vertically-aligned-center is-layout-flex wp-container-core-columns-is-layout-28f84493 wp-block-columns-is-layout-flex\">\n<div class=\"wp-block-column is-vertically-aligned-center is-layout-flow wp-block-column-is-layout-flow\">\n<p class=\"has-text-align-left\"><a href=\"https:\/\/www.bearingnet.net\/\" data-type=\"link\" data-id=\"https:\/\/www.bearingnet.net\/\" target=\"_blank\" rel=\"noreferrer noopener\"><img loading=\"lazy\" decoding=\"async\" width=\"200\" height=\"108\" class=\"wp-image-105771\" style=\"width: 200px;\" src=\"https:\/\/kavial.ee\/www\/wp-content\/uploads\/bdg-bearingnetmember.png\" alt=\"\" title=\"\" srcset=\"https:\/\/kavial.ee\/www\/wp-content\/uploads\/bdg-bearingnetmember.png 520w, https:\/\/kavial.ee\/www\/wp-content\/uploads\/bdg-bearingnetmember-416x224.png 416w, https:\/\/kavial.ee\/www\/wp-content\/uploads\/bdg-bearingnetmember-64x34.png 64w, https:\/\/kavial.ee\/www\/wp-content\/uploads\/bdg-bearingnetmember-18x10.png 18w\" sizes=\"auto, (max-width: 200px) 100vw, 200px\" \/><\/a><\/p>\n<\/div>\n\n\n\n<div class=\"wp-block-column is-vertically-aligned-center is-layout-flow wp-block-column-is-layout-flow\">\n<p class=\"has-text-align-left\"><a href=\"https:\/\/www.eptda.org\/\" target=\"_blank\" rel=\"noreferrer noopener\"><img loading=\"lazy\" decoding=\"async\" width=\"200\" height=\"108\" class=\"wp-image-80445\" style=\"width: 200px;\" src=\"https:\/\/kavial.ee\/www\/wp-content\/uploads\/bdg-eptda.png\" alt=\"\" title=\"\" srcset=\"https:\/\/kavial.ee\/www\/wp-content\/uploads\/bdg-eptda.png 520w, https:\/\/kavial.ee\/www\/wp-content\/uploads\/bdg-eptda-416x224.png 416w, https:\/\/kavial.ee\/www\/wp-content\/uploads\/bdg-eptda-64x34.png 64w\" sizes=\"auto, (max-width: 200px) 100vw, 200px\" \/><\/a><\/p>\n<\/div>\n\n\n\n<div class=\"wp-block-column is-vertically-aligned-center is-layout-flow wp-block-column-is-layout-flow\">\n<p class=\"has-text-align-left\"><a href=\"https:\/\/www.stopfakebearings.com\/\" target=\"_blank\" rel=\"noreferrer noopener\"><img loading=\"lazy\" decoding=\"async\" width=\"200\" height=\"108\" class=\"wp-image-80444\" style=\"width: 200px;\" src=\"https:\/\/kavial.ee\/www\/wp-content\/uploads\/bdg-wba.png\" alt=\"\" title=\"\" srcset=\"https:\/\/kavial.ee\/www\/wp-content\/uploads\/bdg-wba.png 520w, https:\/\/kavial.ee\/www\/wp-content\/uploads\/bdg-wba-416x224.png 416w, https:\/\/kavial.ee\/www\/wp-content\/uploads\/bdg-wba-64x34.png 64w\" sizes=\"auto, (max-width: 200px) 100vw, 200px\" \/><\/a><\/p>\n<\/div>\n\n\n\n<div class=\"wp-block-column is-vertically-aligned-center is-layout-flow wp-block-column-is-layout-flow\">\n<p class=\"has-text-align-left\"><a href=\"https:\/\/www.koda.ee\/et\/node\/2999\" target=\"_blank\" rel=\"noreferrer noopener\"><img loading=\"lazy\" decoding=\"async\" width=\"250\" height=\"107\" class=\"wp-image-80443\" style=\"width: 250px;\" src=\"https:\/\/kavial.ee\/www\/wp-content\/uploads\/KODA_liige_EST_logo_horiz.png\" alt=\"\" title=\"\" srcset=\"https:\/\/kavial.ee\/www\/wp-content\/uploads\/KODA_liige_EST_logo_horiz.png 1654w, https:\/\/kavial.ee\/www\/wp-content\/uploads\/KODA_liige_EST_logo_horiz-416x178.png 416w, https:\/\/kavial.ee\/www\/wp-content\/uploads\/KODA_liige_EST_logo_horiz-64x27.png 64w\" sizes=\"auto, (max-width: 250px) 100vw, 250px\" \/><\/a><\/p>\n<\/div>\n<\/div>\n\n\n\n<p style=\"font-size:16px\">Thanks to the extensive experience of our staff in transmission mechanics, we can provide you with a reliable supplier\nand a team of qualified specialists, complex technical and maintenance services from the manufacturing factories,\ninformation about new developments from the world\u2019s leading manufactures.<\/p>\n\n\n\n<p style=\"font-size:16px\">In our product range are well known and approved brands. All products sold are certified, attesting to their high quality\nand making sure there are no cheap replicas. Spacious warehouse - more than 50 thousand product names - allows us\nto offer best value for money. <\/p>","protected":false},"excerpt":{"rendered":"<p>Kavial Kavial osa\u00fching oli asutatud 19. mail 1994 aastal Tallinnas. Oma tegevusaja jooksul meie ettev\u00f5te t\u00f5usis Baltimaade juhtivate masinaelementide tarnijate hulka ning p\u00e4lvis partnerite ja klientide seas head mainet. Selleks, et saada parimaks tarnijaks, j\u00e4lgivad meie spetsialistid pidevalt turutendentse, osalevad rahvusvahelistel n\u00e4itustel ja seminaridel, parendavad teenindusmeetodeid, t\u00f5stavad professionaalset taset ning vahetavad kogemusi v\u00e4lismaiste partneritega. Oleme [&hellip;]<\/p>\n","protected":false},"author":1,"featured_media":0,"parent":0,"menu_order":10,"comment_status":"closed","ping_status":"closed","template":"","meta":{"footnotes":""},"class_list":["post-80459","page","type-page","status-publish","hentry"],"_links":{"self":[{"href":"https:\/\/kavial.ee\/en\/wp-json\/wp\/v2\/pages\/80459","targetHints":{"allow":["GET"]}}],"collection":[{"href":"https:\/\/kavial.ee\/en\/wp-json\/wp\/v2\/pages"}],"about":[{"href":"https:\/\/kavial.ee\/en\/wp-json\/wp\/v2\/types\/page"}],"author":[{"embeddable":true,"href":"https:\/\/kavial.ee\/en\/wp-json\/wp\/v2\/users\/1"}],"replies":[{"embeddable":true,"href":"https:\/\/kavial.ee\/en\/wp-json\/wp\/v2\/comments?post=80459"}],"version-history":[{"count":0,"href":"https:\/\/kavial.ee\/en\/wp-json\/wp\/v2\/pages\/80459\/revisions"}],"wp:attachment":[{"href":"https:\/\/kavial.ee\/en\/wp-json\/wp\/v2\/media?parent=80459"}],"curies":[{"name":"wp","href":"https:\/\/api.w.org\/{rel}","templated":true}]}}