{"id":105205,"date":"2023-10-20T11:19:19","date_gmt":"2023-10-20T08:19:19","guid":{"rendered":"https:\/\/kavial.ee\/et\/?post_type=product&#038;p=105205"},"modified":"2026-02-05T13:20:21","modified_gmt":"2026-02-05T11:20:21","slug":"arcanol-multi2-1kg","status":"publish","type":"product","link":"https:\/\/kavial.ee\/en\/webshop\/hooldusseadmed\/maardesusteemid\/laagrimaarded\/arcanol-multi2-1kg\/","title":{"rendered":"ARCANOL-MULTI2-1KG"},"content":{"rendered":"<p>Universaalne konsistentne m\u00e4\u00e4re; laagritele v\u00e4lisl\u00e4bim\u00f5\u00f5duga kuni 62mm; kasutustemeperatuur -30\u00b0C +120\u00b0C; liitium paksendaja; pakend: purk<br \/>\n1000g<\/p>","protected":false},"excerpt":{"rendered":"<p>Universaalne konsistentne m\u00e4\u00e4re; laagritele v\u00e4lisl\u00e4bim\u00f5\u00f5duga kuni 62mm; kasutustemeperatuur -30\u00b0C +120\u00b0C; liitium paksendaja; pakend: purk 1000g<\/p>","protected":false},"featured_media":155366,"template":"","meta":[],"product_brand":[],"product_cat":[984],"product_tag":[523],"class_list":{"0":"post-105205","1":"product","2":"type-product","3":"status-publish","4":"has-post-thumbnail","6":"product_cat-laagrimaarded","7":"product_tag-maare","9":"first","10":"instock","11":"taxable","12":"shipping-taxable","13":"purchasable","14":"product-type-simple"},"_links":{"self":[{"href":"https:\/\/kavial.ee\/en\/wp-json\/wp\/v2\/product\/105205","targetHints":{"allow":["GET"]}}],"collection":[{"href":"https:\/\/kavial.ee\/en\/wp-json\/wp\/v2\/product"}],"about":[{"href":"https:\/\/kavial.ee\/en\/wp-json\/wp\/v2\/types\/product"}],"wp:featuredmedia":[{"embeddable":true,"href":"https:\/\/kavial.ee\/en\/wp-json\/wp\/v2\/media\/155366"}],"wp:attachment":[{"href":"https:\/\/kavial.ee\/en\/wp-json\/wp\/v2\/media?parent=105205"}],"wp:term":[{"taxonomy":"product_brand","embeddable":true,"href":"https:\/\/kavial.ee\/en\/wp-json\/wp\/v2\/product_brand?post=105205"},{"taxonomy":"product_cat","embeddable":true,"href":"https:\/\/kavial.ee\/en\/wp-json\/wp\/v2\/product_cat?post=105205"},{"taxonomy":"product_tag","embeddable":true,"href":"https:\/\/kavial.ee\/en\/wp-json\/wp\/v2\/product_tag?post=105205"}],"curies":[{"name":"wp","href":"https:\/\/api.w.org\/{rel}","templated":true}]}}