{"id":105239,"date":"2023-10-20T11:19:11","date_gmt":"2023-10-20T08:19:11","guid":{"rendered":"https:\/\/kavial.ee\/et\/?post_type=product&#038;p=105239"},"modified":"2026-02-05T13:20:25","modified_gmt":"2026-02-05T11:20:25","slug":"arcanol-food2-400g","status":"publish","type":"product","link":"https:\/\/kavial.ee\/en\/webshop\/hooldusseadmed\/maardesusteemid\/laagrimaarded\/arcanol-food2-400g\/","title":{"rendered":"ARCANOL-FOOD2-400G"},"content":{"rendered":"<p>Konsistentne m\u00e4\u00e4re; toiduainetet\u00f6\u00f6stuses kasutusk\u00f5lblik; kasutustemeperatuur -30\u00b0C +120\u00b0C; alumiinium-kompleksne paksendaja; pakend: kassett<br \/>\n400g<\/p>","protected":false},"excerpt":{"rendered":"<p>Konsistentne m\u00e4\u00e4re; toiduainetet\u00f6\u00f6stuses kasutusk\u00f5lblik; kasutustemeperatuur -30\u00b0C +120\u00b0C; alumiinium-kompleksne paksendaja; pakend: kassett 400g<\/p>","protected":false},"featured_media":0,"template":"","meta":[],"product_brand":[],"product_cat":[984],"product_tag":[523],"class_list":{"0":"post-105239","1":"product","2":"type-product","3":"status-publish","5":"product_cat-laagrimaarded","6":"product_tag-maare","8":"first","9":"outofstock","10":"taxable","11":"shipping-taxable","12":"product-type-simple"},"_links":{"self":[{"href":"https:\/\/kavial.ee\/en\/wp-json\/wp\/v2\/product\/105239","targetHints":{"allow":["GET"]}}],"collection":[{"href":"https:\/\/kavial.ee\/en\/wp-json\/wp\/v2\/product"}],"about":[{"href":"https:\/\/kavial.ee\/en\/wp-json\/wp\/v2\/types\/product"}],"wp:attachment":[{"href":"https:\/\/kavial.ee\/en\/wp-json\/wp\/v2\/media?parent=105239"}],"wp:term":[{"taxonomy":"product_brand","embeddable":true,"href":"https:\/\/kavial.ee\/en\/wp-json\/wp\/v2\/product_brand?post=105239"},{"taxonomy":"product_cat","embeddable":true,"href":"https:\/\/kavial.ee\/en\/wp-json\/wp\/v2\/product_cat?post=105239"},{"taxonomy":"product_tag","embeddable":true,"href":"https:\/\/kavial.ee\/en\/wp-json\/wp\/v2\/product_tag?post=105239"}],"curies":[{"name":"wp","href":"https:\/\/api.w.org\/{rel}","templated":true}]}}