{"id":105245,"date":"2023-10-20T11:19:16","date_gmt":"2023-10-20T08:19:16","guid":{"rendered":"https:\/\/kavial.ee\/et\/?post_type=product&#038;p=105245"},"modified":"2026-02-05T13:20:26","modified_gmt":"2026-02-05T11:20:26","slug":"arcanol-load220-400g","status":"publish","type":"product","link":"https:\/\/kavial.ee\/en\/webshop\/hooldusseadmed\/maardesusteemid\/laagrimaarded\/arcanol-load220-400g\/","title":{"rendered":"ARCANOL-LOAD220-400G"},"content":{"rendered":"<p>Konsistentne m\u00e4\u00e4re; k\u00f5rge koormusega ja niiskusega kasutustingimused; kasutustemeperatuur -20\u00b0C +140\u00b0C; liitium-kompleksne paksendaja; pakend: kassett<br \/>\n400g<\/p>","protected":false},"excerpt":{"rendered":"<p>Konsistentne m\u00e4\u00e4re; k\u00f5rge koormusega ja niiskusega kasutustingimused; kasutustemeperatuur -20\u00b0C +140\u00b0C; liitium-kompleksne paksendaja; pakend: kassett 400g<\/p>","protected":false},"featured_media":155368,"template":"","meta":[],"product_brand":[],"product_cat":[984],"product_tag":[523],"class_list":{"0":"post-105245","1":"product","2":"type-product","3":"status-publish","4":"has-post-thumbnail","6":"product_cat-laagrimaarded","7":"product_tag-maare","9":"first","10":"instock","11":"taxable","12":"shipping-taxable","13":"purchasable","14":"product-type-simple"},"_links":{"self":[{"href":"https:\/\/kavial.ee\/en\/wp-json\/wp\/v2\/product\/105245","targetHints":{"allow":["GET"]}}],"collection":[{"href":"https:\/\/kavial.ee\/en\/wp-json\/wp\/v2\/product"}],"about":[{"href":"https:\/\/kavial.ee\/en\/wp-json\/wp\/v2\/types\/product"}],"wp:featuredmedia":[{"embeddable":true,"href":"https:\/\/kavial.ee\/en\/wp-json\/wp\/v2\/media\/155368"}],"wp:attachment":[{"href":"https:\/\/kavial.ee\/en\/wp-json\/wp\/v2\/media?parent=105245"}],"wp:term":[{"taxonomy":"product_brand","embeddable":true,"href":"https:\/\/kavial.ee\/en\/wp-json\/wp\/v2\/product_brand?post=105245"},{"taxonomy":"product_cat","embeddable":true,"href":"https:\/\/kavial.ee\/en\/wp-json\/wp\/v2\/product_cat?post=105245"},{"taxonomy":"product_tag","embeddable":true,"href":"https:\/\/kavial.ee\/en\/wp-json\/wp\/v2\/product_tag?post=105245"}],"curies":[{"name":"wp","href":"https:\/\/api.w.org\/{rel}","templated":true}]}}