{"id":105289,"date":"2023-10-20T11:20:31","date_gmt":"2023-10-20T08:20:31","guid":{"rendered":"https:\/\/kavial.ee\/et\/?post_type=product&#038;p=105289"},"modified":"2026-02-19T17:40:59","modified_gmt":"2026-02-19T15:40:59","slug":"lgfp2-04","status":"publish","type":"product","link":"https:\/\/kavial.ee\/en\/webshop\/hooldusseadmed\/maardesusteemid\/laagrimaarded\/lgfp2-04\/","title":{"rendered":"LGFP2\/0,4"},"content":{"rendered":"<p>Konsistentne veekindel ja korrosioonivastane m\u00e4\u00e4re; mittem\u00fcrgine; toiduainetet\u00f6\u00f6stuses kasutusk\u00f5lblik; pH neutraalne; halal ja ko\u0161\u0161er ning NSF H1 ja FDA sertsifitseeritud; kasutustemeperatuur -20\u00b0C +110\u00b0C; alumiinium-kompleksne paksendaja; pakend: kassett<br \/>\n400g<\/p>","protected":false},"excerpt":{"rendered":"<p>Konsistentne veekindel ja korrosioonivastane m\u00e4\u00e4re; mittem\u00fcrgine; toiduainetet\u00f6\u00f6stuses kasutusk\u00f5lblik; pH neutraalne; halal ja ko\u0161\u0161er ning NSF H1 ja FDA sertsifitseeritud; kasutustemeperatuur -20\u00b0C +110\u00b0C; alumiinium-kompleksne paksendaja; pakend: kassett 400g<\/p>","protected":false},"featured_media":155380,"template":"","meta":[],"product_brand":[],"product_cat":[984],"product_tag":[523],"class_list":{"0":"post-105289","1":"product","2":"type-product","3":"status-publish","4":"has-post-thumbnail","6":"product_cat-laagrimaarded","7":"product_tag-maare","9":"first","10":"instock","11":"taxable","12":"shipping-taxable","13":"purchasable","14":"product-type-simple"},"_links":{"self":[{"href":"https:\/\/kavial.ee\/en\/wp-json\/wp\/v2\/product\/105289","targetHints":{"allow":["GET"]}}],"collection":[{"href":"https:\/\/kavial.ee\/en\/wp-json\/wp\/v2\/product"}],"about":[{"href":"https:\/\/kavial.ee\/en\/wp-json\/wp\/v2\/types\/product"}],"wp:featuredmedia":[{"embeddable":true,"href":"https:\/\/kavial.ee\/en\/wp-json\/wp\/v2\/media\/155380"}],"wp:attachment":[{"href":"https:\/\/kavial.ee\/en\/wp-json\/wp\/v2\/media?parent=105289"}],"wp:term":[{"taxonomy":"product_brand","embeddable":true,"href":"https:\/\/kavial.ee\/en\/wp-json\/wp\/v2\/product_brand?post=105289"},{"taxonomy":"product_cat","embeddable":true,"href":"https:\/\/kavial.ee\/en\/wp-json\/wp\/v2\/product_cat?post=105289"},{"taxonomy":"product_tag","embeddable":true,"href":"https:\/\/kavial.ee\/en\/wp-json\/wp\/v2\/product_tag?post=105289"}],"curies":[{"name":"wp","href":"https:\/\/api.w.org\/{rel}","templated":true}]}}