{"id":105301,"date":"2023-10-20T11:20:36","date_gmt":"2023-10-20T08:20:36","guid":{"rendered":"https:\/\/kavial.ee\/et\/?post_type=product&#038;p=105301"},"modified":"2026-02-11T17:11:52","modified_gmt":"2026-02-11T15:11:52","slug":"lglt2-02","status":"publish","type":"product","link":"https:\/\/kavial.ee\/en\/webshop\/hooldusseadmed\/maardesusteemid\/laagrimaarded\/lglt2-02\/","title":{"rendered":"LGLT2\/0,2"},"content":{"rendered":"<p>S\u00fcnteetilisest \u00f5list madala viskoossusega m\u00e4\u00e4re; madaltemperatuuriline, suurekiiruseline; kasutustemeperatuur -50\u00b0C +110\u00b0C; liitiumseep paksendaja; pakend: tuub<br \/>\n200g<\/p>","protected":false},"excerpt":{"rendered":"<p>S\u00fcnteetilisest \u00f5list madala viskoossusega m\u00e4\u00e4re; madaltemperatuuriline, suurekiiruseline; kasutustemeperatuur -50\u00b0C +110\u00b0C; liitiumseep paksendaja; pakend: tuub 200g<\/p>","protected":false},"featured_media":155353,"template":"","meta":[],"product_brand":[],"product_cat":[984],"product_tag":[523],"class_list":{"0":"post-105301","1":"product","2":"type-product","3":"status-publish","4":"has-post-thumbnail","6":"product_cat-laagrimaarded","7":"product_tag-maare","9":"first","10":"instock","11":"taxable","12":"shipping-taxable","13":"purchasable","14":"product-type-simple"},"_links":{"self":[{"href":"https:\/\/kavial.ee\/en\/wp-json\/wp\/v2\/product\/105301","targetHints":{"allow":["GET"]}}],"collection":[{"href":"https:\/\/kavial.ee\/en\/wp-json\/wp\/v2\/product"}],"about":[{"href":"https:\/\/kavial.ee\/en\/wp-json\/wp\/v2\/types\/product"}],"wp:featuredmedia":[{"embeddable":true,"href":"https:\/\/kavial.ee\/en\/wp-json\/wp\/v2\/media\/155353"}],"wp:attachment":[{"href":"https:\/\/kavial.ee\/en\/wp-json\/wp\/v2\/media?parent=105301"}],"wp:term":[{"taxonomy":"product_brand","embeddable":true,"href":"https:\/\/kavial.ee\/en\/wp-json\/wp\/v2\/product_brand?post=105301"},{"taxonomy":"product_cat","embeddable":true,"href":"https:\/\/kavial.ee\/en\/wp-json\/wp\/v2\/product_cat?post=105301"},{"taxonomy":"product_tag","embeddable":true,"href":"https:\/\/kavial.ee\/en\/wp-json\/wp\/v2\/product_tag?post=105301"}],"curies":[{"name":"wp","href":"https:\/\/api.w.org\/{rel}","templated":true}]}}