{"id":105304,"date":"2023-10-20T11:20:39","date_gmt":"2023-10-20T08:20:39","guid":{"rendered":"https:\/\/kavial.ee\/et\/?post_type=product&#038;p=105304"},"modified":"2026-02-05T13:20:44","modified_gmt":"2026-02-05T11:20:44","slug":"lgmt2-18","status":"publish","type":"product","link":"https:\/\/kavial.ee\/en\/webshop\/hooldusseadmed\/maardesusteemid\/laagrimaarded\/lgmt2-18\/","title":{"rendered":"LGMT2\/18"},"content":{"rendered":"<p>Mineraal\u00f5list \u00fcldotstarbeline m\u00e4\u00e4re; NLGI2; vee-\/korrosioonikindel; kasutustemeperatuur -30\u00b0C +120\u00b0C; liitiumseep paksendaja; pakend: \u00e4mber<br \/>\n18000g<\/p>","protected":false},"excerpt":{"rendered":"<p>Mineraal\u00f5list \u00fcldotstarbeline m\u00e4\u00e4re; NLGI2; vee-\/korrosioonikindel; kasutustemeperatuur -30\u00b0C +120\u00b0C; liitiumseep paksendaja; pakend: \u00e4mber 18000g<\/p>","protected":false},"featured_media":155359,"template":"","meta":[],"product_brand":[],"product_cat":[984],"product_tag":[523],"class_list":{"0":"post-105304","1":"product","2":"type-product","3":"status-publish","4":"has-post-thumbnail","6":"product_cat-laagrimaarded","7":"product_tag-maare","9":"first","10":"instock","11":"taxable","12":"shipping-taxable","13":"purchasable","14":"product-type-simple"},"_links":{"self":[{"href":"https:\/\/kavial.ee\/en\/wp-json\/wp\/v2\/product\/105304","targetHints":{"allow":["GET"]}}],"collection":[{"href":"https:\/\/kavial.ee\/en\/wp-json\/wp\/v2\/product"}],"about":[{"href":"https:\/\/kavial.ee\/en\/wp-json\/wp\/v2\/types\/product"}],"wp:featuredmedia":[{"embeddable":true,"href":"https:\/\/kavial.ee\/en\/wp-json\/wp\/v2\/media\/155359"}],"wp:attachment":[{"href":"https:\/\/kavial.ee\/en\/wp-json\/wp\/v2\/media?parent=105304"}],"wp:term":[{"taxonomy":"product_brand","embeddable":true,"href":"https:\/\/kavial.ee\/en\/wp-json\/wp\/v2\/product_brand?post=105304"},{"taxonomy":"product_cat","embeddable":true,"href":"https:\/\/kavial.ee\/en\/wp-json\/wp\/v2\/product_cat?post=105304"},{"taxonomy":"product_tag","embeddable":true,"href":"https:\/\/kavial.ee\/en\/wp-json\/wp\/v2\/product_tag?post=105304"}],"curies":[{"name":"wp","href":"https:\/\/api.w.org\/{rel}","templated":true}]}}