{"id":105309,"date":"2023-10-20T11:20:41","date_gmt":"2023-10-20T08:20:41","guid":{"rendered":"https:\/\/kavial.ee\/et\/?post_type=product&#038;p=105309"},"modified":"2026-02-05T13:20:47","modified_gmt":"2026-02-05T11:20:47","slug":"lgmt3-5","status":"publish","type":"product","link":"https:\/\/kavial.ee\/en\/webshop\/hooldusseadmed\/maardesusteemid\/laagrimaarded\/lgmt3-5\/","title":{"rendered":"LGMT3\/5"},"content":{"rendered":"<p>Mineraal\u00f5list \u00fcldotstarbeline m\u00e4\u00e4re; NLGI3; vee-\/korrosioonikindel; kasutustemeperatuur -30\u00b0C +120\u00b0C; liitiumseep paksendaja; pakend: purk<br \/>\n5000g<\/p>","protected":false},"excerpt":{"rendered":"<p>Mineraal\u00f5list \u00fcldotstarbeline m\u00e4\u00e4re; NLGI3; vee-\/korrosioonikindel; kasutustemeperatuur -30\u00b0C +120\u00b0C; liitiumseep paksendaja; pakend: purk 5000g<\/p>","protected":false},"featured_media":155356,"template":"","meta":[],"product_brand":[],"product_cat":[984],"product_tag":[523],"class_list":{"0":"post-105309","1":"product","2":"type-product","3":"status-publish","4":"has-post-thumbnail","6":"product_cat-laagrimaarded","7":"product_tag-maare","9":"first","10":"instock","11":"taxable","12":"shipping-taxable","13":"purchasable","14":"product-type-simple"},"_links":{"self":[{"href":"https:\/\/kavial.ee\/en\/wp-json\/wp\/v2\/product\/105309","targetHints":{"allow":["GET"]}}],"collection":[{"href":"https:\/\/kavial.ee\/en\/wp-json\/wp\/v2\/product"}],"about":[{"href":"https:\/\/kavial.ee\/en\/wp-json\/wp\/v2\/types\/product"}],"wp:featuredmedia":[{"embeddable":true,"href":"https:\/\/kavial.ee\/en\/wp-json\/wp\/v2\/media\/155356"}],"wp:attachment":[{"href":"https:\/\/kavial.ee\/en\/wp-json\/wp\/v2\/media?parent=105309"}],"wp:term":[{"taxonomy":"product_brand","embeddable":true,"href":"https:\/\/kavial.ee\/en\/wp-json\/wp\/v2\/product_brand?post=105309"},{"taxonomy":"product_cat","embeddable":true,"href":"https:\/\/kavial.ee\/en\/wp-json\/wp\/v2\/product_cat?post=105309"},{"taxonomy":"product_tag","embeddable":true,"href":"https:\/\/kavial.ee\/en\/wp-json\/wp\/v2\/product_tag?post=105309"}],"curies":[{"name":"wp","href":"https:\/\/api.w.org\/{rel}","templated":true}]}}