{"id":105313,"date":"2023-10-20T11:20:44","date_gmt":"2023-10-20T08:20:44","guid":{"rendered":"https:\/\/kavial.ee\/et\/?post_type=product&#038;p=105313"},"modified":"2026-02-05T13:20:49","modified_gmt":"2026-02-05T11:20:49","slug":"lgwm2-04","status":"publish","type":"product","link":"https:\/\/kavial.ee\/en\/webshop\/hooldusseadmed\/maardesusteemid\/laagrimaarded\/lgwm2-04\/","title":{"rendered":"LGWM2\/0,4"},"content":{"rendered":"<p>S\u00fcnteetilisest \u00f5list m\u00e4\u00e4re; vee-\/korrosioonikindel; k\u00f5rgsurve ja madala temperatuuriga kasutustingimused; kasutustemeperatuur -40\u00b0C +110\u00b0C; kaltsium-sulfonaat paksendaja; pakend: kassett<br \/>\n400g<\/p>","protected":false},"excerpt":{"rendered":"<p>S\u00fcnteetilisest \u00f5list m\u00e4\u00e4re; vee-\/korrosioonikindel; k\u00f5rgsurve ja madala temperatuuriga kasutustingimused; kasutustemeperatuur -40\u00b0C +110\u00b0C; kaltsium-sulfonaat paksendaja; pakend: kassett 400g<\/p>","protected":false},"featured_media":155345,"template":"","meta":[],"product_brand":[],"product_cat":[984],"product_tag":[523],"class_list":{"0":"post-105313","1":"product","2":"type-product","3":"status-publish","4":"has-post-thumbnail","6":"product_cat-laagrimaarded","7":"product_tag-maare","9":"first","10":"instock","11":"taxable","12":"shipping-taxable","13":"purchasable","14":"product-type-simple"},"_links":{"self":[{"href":"https:\/\/kavial.ee\/en\/wp-json\/wp\/v2\/product\/105313","targetHints":{"allow":["GET"]}}],"collection":[{"href":"https:\/\/kavial.ee\/en\/wp-json\/wp\/v2\/product"}],"about":[{"href":"https:\/\/kavial.ee\/en\/wp-json\/wp\/v2\/types\/product"}],"wp:featuredmedia":[{"embeddable":true,"href":"https:\/\/kavial.ee\/en\/wp-json\/wp\/v2\/media\/155345"}],"wp:attachment":[{"href":"https:\/\/kavial.ee\/en\/wp-json\/wp\/v2\/media?parent=105313"}],"wp:term":[{"taxonomy":"product_brand","embeddable":true,"href":"https:\/\/kavial.ee\/en\/wp-json\/wp\/v2\/product_brand?post=105313"},{"taxonomy":"product_cat","embeddable":true,"href":"https:\/\/kavial.ee\/en\/wp-json\/wp\/v2\/product_cat?post=105313"},{"taxonomy":"product_tag","embeddable":true,"href":"https:\/\/kavial.ee\/en\/wp-json\/wp\/v2\/product_tag?post=105313"}],"curies":[{"name":"wp","href":"https:\/\/api.w.org\/{rel}","templated":true}]}}