{"id":111745,"date":"2024-02-22T20:55:33","date_gmt":"2024-02-22T18:55:33","guid":{"rendered":"https:\/\/kavial.ee\/et\/?post_type=product&#038;p=111745"},"modified":"2026-02-26T17:13:19","modified_gmt":"2026-02-26T15:13:19","slug":"tlsd250-wa2-automaatmaarija","status":"publish","type":"product","link":"https:\/\/kavial.ee\/en\/webshop\/hooldusseadmed\/maardesusteemid\/automaatmaarijad\/tlsd250-wa2-automaatmaarija\/","title":{"rendered":"TLSD250\/WA2"},"content":{"rendered":"<p>LGWA 2 m\u00e4\u00e4rega elektrijamiga patareiga automaatm\u00e4\u00e4rija<br \/>\n250ml<\/p>","protected":false},"excerpt":{"rendered":"<p>LGWA 2 m\u00e4\u00e4rega elektrijamiga patareiga automaatm\u00e4\u00e4rija 250ml<\/p>","protected":false},"featured_media":0,"template":"","meta":[],"product_brand":[],"product_cat":[1061],"product_tag":[524],"class_list":{"0":"post-111745","1":"product","2":"type-product","3":"status-publish","5":"product_cat-automaatmaarijad","6":"product_tag-automaatmaarija","8":"first","9":"outofstock","10":"taxable","11":"shipping-taxable","12":"product-type-simple"},"_links":{"self":[{"href":"https:\/\/kavial.ee\/en\/wp-json\/wp\/v2\/product\/111745","targetHints":{"allow":["GET"]}}],"collection":[{"href":"https:\/\/kavial.ee\/en\/wp-json\/wp\/v2\/product"}],"about":[{"href":"https:\/\/kavial.ee\/en\/wp-json\/wp\/v2\/types\/product"}],"wp:attachment":[{"href":"https:\/\/kavial.ee\/en\/wp-json\/wp\/v2\/media?parent=111745"}],"wp:term":[{"taxonomy":"product_brand","embeddable":true,"href":"https:\/\/kavial.ee\/en\/wp-json\/wp\/v2\/product_brand?post=111745"},{"taxonomy":"product_cat","embeddable":true,"href":"https:\/\/kavial.ee\/en\/wp-json\/wp\/v2\/product_cat?post=111745"},{"taxonomy":"product_tag","embeddable":true,"href":"https:\/\/kavial.ee\/en\/wp-json\/wp\/v2\/product_tag?post=111745"}],"curies":[{"name":"wp","href":"https:\/\/api.w.org\/{rel}","templated":true}]}}