{"id":142052,"date":"2025-01-15T13:12:43","date_gmt":"2025-01-15T11:12:43","guid":{"rendered":"https:\/\/kavial.ee\/et\/?post_type=product&#038;p=142052"},"modified":"2025-07-02T03:23:36","modified_gmt":"2025-07-02T00:23:36","slug":"9-1-auxiliary-hydraulic-ram","status":"publish","type":"product","link":"https:\/\/kavial.ee\/en\/webshop\/hooldusseadmed\/kukko-hooldusseadmed\/kukko-mehaanilised-tommitsad\/9-1-auxiliary-hydraulic-ram\/","title":{"rendered":"9-1 Auxiliary hydraulic ram"},"content":{"rendered":"<p>H\u00fcdrauliline abipress; puks 10mm; silindri k\u00f5rgus 60mm; maks. moment 35Nm; venitusj\u00f5ud 100kN; maks. t\u00f5mbej\u00f5ud 10t; kuuskantpesa 32mm<\/p>\n<p>EAN: 4021176005053<\/p>","protected":false},"excerpt":{"rendered":"<p>H\u00fcdrauliline abipress; puks 10mm; silindri k\u00f5rgus 60mm; maks. moment 35Nm; venitusj\u00f5ud 100kN; maks. t\u00f5mbej\u00f5ud 10t; kuuskantpesa 32mm EAN: 4021176005053<\/p>","protected":false},"featured_media":142147,"template":"","meta":[],"product_brand":[],"product_cat":[1040],"product_tag":[],"class_list":{"0":"post-142052","1":"product","2":"type-product","3":"status-publish","4":"has-post-thumbnail","6":"product_cat-kukko-mehaanilised-tommitsad","8":"first","9":"instock","10":"taxable","11":"shipping-taxable","12":"purchasable","13":"product-type-simple"},"_links":{"self":[{"href":"https:\/\/kavial.ee\/en\/wp-json\/wp\/v2\/product\/142052","targetHints":{"allow":["GET"]}}],"collection":[{"href":"https:\/\/kavial.ee\/en\/wp-json\/wp\/v2\/product"}],"about":[{"href":"https:\/\/kavial.ee\/en\/wp-json\/wp\/v2\/types\/product"}],"wp:featuredmedia":[{"embeddable":true,"href":"https:\/\/kavial.ee\/en\/wp-json\/wp\/v2\/media\/142147"}],"wp:attachment":[{"href":"https:\/\/kavial.ee\/en\/wp-json\/wp\/v2\/media?parent=142052"}],"wp:term":[{"taxonomy":"product_brand","embeddable":true,"href":"https:\/\/kavial.ee\/en\/wp-json\/wp\/v2\/product_brand?post=142052"},{"taxonomy":"product_cat","embeddable":true,"href":"https:\/\/kavial.ee\/en\/wp-json\/wp\/v2\/product_cat?post=142052"},{"taxonomy":"product_tag","embeddable":true,"href":"https:\/\/kavial.ee\/en\/wp-json\/wp\/v2\/product_tag?post=142052"}],"curies":[{"name":"wp","href":"https:\/\/api.w.org\/{rel}","templated":true}]}}