{"id":142070,"date":"2025-01-15T13:03:38","date_gmt":"2025-01-15T11:03:38","guid":{"rendered":"https:\/\/kavial.ee\/et\/?post_type=product&#038;p=142070"},"modified":"2026-05-14T17:15:09","modified_gmt":"2026-05-14T14:15:09","slug":"21-3-internal-extractor","status":"publish","type":"product","link":"https:\/\/kavial.ee\/en\/webshop\/hooldusseadmed\/kukko-hooldusseadmed\/kukko-mehaanilised-tommitsad\/21-3-internal-extractor\/","title":{"rendered":"21-3 Internal extractor"},"content":{"rendered":"<p>Siset\u00f5mmits 2-osaline; ulatuv laius 18-23mm; ulatuv s\u00fcgavus 35mm; l\u00e4bim\u00f5\u00f5t 25mm; keere M10; kuuskantpesa 17mm<\/p>\n<p>EAN: 4021176011153<\/p>","protected":false},"excerpt":{"rendered":"<p>Siset\u00f5mmits 2-osaline; ulatuv laius 18-23mm; ulatuv s\u00fcgavus 35mm; l\u00e4bim\u00f5\u00f5t 25mm; keere M10; kuuskantpesa 17mm EAN: 4021176011153<\/p>","protected":false},"featured_media":146699,"template":"","meta":[],"product_brand":[],"product_cat":[1040],"product_tag":[],"class_list":{"0":"post-142070","1":"product","2":"type-product","3":"status-publish","4":"has-post-thumbnail","6":"product_cat-kukko-mehaanilised-tommitsad","8":"first","9":"instock","10":"taxable","11":"shipping-taxable","12":"purchasable","13":"product-type-simple"},"_links":{"self":[{"href":"https:\/\/kavial.ee\/en\/wp-json\/wp\/v2\/product\/142070","targetHints":{"allow":["GET"]}}],"collection":[{"href":"https:\/\/kavial.ee\/en\/wp-json\/wp\/v2\/product"}],"about":[{"href":"https:\/\/kavial.ee\/en\/wp-json\/wp\/v2\/types\/product"}],"wp:featuredmedia":[{"embeddable":true,"href":"https:\/\/kavial.ee\/en\/wp-json\/wp\/v2\/media\/146699"}],"wp:attachment":[{"href":"https:\/\/kavial.ee\/en\/wp-json\/wp\/v2\/media?parent=142070"}],"wp:term":[{"taxonomy":"product_brand","embeddable":true,"href":"https:\/\/kavial.ee\/en\/wp-json\/wp\/v2\/product_brand?post=142070"},{"taxonomy":"product_cat","embeddable":true,"href":"https:\/\/kavial.ee\/en\/wp-json\/wp\/v2\/product_cat?post=142070"},{"taxonomy":"product_tag","embeddable":true,"href":"https:\/\/kavial.ee\/en\/wp-json\/wp\/v2\/product_tag?post=142070"}],"curies":[{"name":"wp","href":"https:\/\/api.w.org\/{rel}","templated":true}]}}