{"id":142076,"date":"2025-01-15T13:12:48","date_gmt":"2025-01-15T11:12:48","guid":{"rendered":"https:\/\/kavial.ee\/et\/?post_type=product&#038;p=142076"},"modified":"2026-05-14T17:15:13","modified_gmt":"2026-05-14T14:15:13","slug":"22-2-counterstay","status":"publish","type":"product","link":"https:\/\/kavial.ee\/en\/webshop\/hooldusseadmed\/kukko-hooldusseadmed\/kukko-mehaanilised-tommitsad\/22-2-counterstay\/","title":{"rendered":"22-2 Counterstay"},"content":{"rendered":"<p>Vastutugi; ulatuv laius 25-100mm; ulatuv s\u00fcgavus 165mm; sisekeere 15-16 G \/ M10; v\u00e4liskeere G 1\/2; maks. venitusj\u00f5ud 40kN; maks. t\u00f5mbej\u00f5ud 4t; kuuskantpesa 32mm<\/p>\n<p>Kasutamiseks koos 21 seeria siset\u00f5mmitsatega<\/p>\n<p>EAN: 4021176012303<\/p>","protected":false},"excerpt":{"rendered":"<p>Vastutugi; ulatuv laius 25-100mm; ulatuv s\u00fcgavus 165mm; sisekeere 15-16 G \/ M10; v\u00e4liskeere G 1\/2; maks. venitusj\u00f5ud 40kN; maks. t\u00f5mbej\u00f5ud 4t; kuuskantpesa 32mm Kasutamiseks koos 21 seeria siset\u00f5mmitsatega EAN: 4021176012303<\/p>","protected":false},"featured_media":142135,"template":"","meta":[],"product_brand":[],"product_cat":[1040],"product_tag":[],"class_list":{"0":"post-142076","1":"product","2":"type-product","3":"status-publish","4":"has-post-thumbnail","6":"product_cat-kukko-mehaanilised-tommitsad","8":"first","9":"instock","10":"taxable","11":"shipping-taxable","12":"purchasable","13":"product-type-simple"},"_links":{"self":[{"href":"https:\/\/kavial.ee\/en\/wp-json\/wp\/v2\/product\/142076","targetHints":{"allow":["GET"]}}],"collection":[{"href":"https:\/\/kavial.ee\/en\/wp-json\/wp\/v2\/product"}],"about":[{"href":"https:\/\/kavial.ee\/en\/wp-json\/wp\/v2\/types\/product"}],"wp:featuredmedia":[{"embeddable":true,"href":"https:\/\/kavial.ee\/en\/wp-json\/wp\/v2\/media\/142135"}],"wp:attachment":[{"href":"https:\/\/kavial.ee\/en\/wp-json\/wp\/v2\/media?parent=142076"}],"wp:term":[{"taxonomy":"product_brand","embeddable":true,"href":"https:\/\/kavial.ee\/en\/wp-json\/wp\/v2\/product_brand?post=142076"},{"taxonomy":"product_cat","embeddable":true,"href":"https:\/\/kavial.ee\/en\/wp-json\/wp\/v2\/product_cat?post=142076"},{"taxonomy":"product_tag","embeddable":true,"href":"https:\/\/kavial.ee\/en\/wp-json\/wp\/v2\/product_tag?post=142076"}],"curies":[{"name":"wp","href":"https:\/\/api.w.org\/{rel}","templated":true}]}}