{"id":142093,"date":"2025-01-15T12:23:32","date_gmt":"2025-01-15T10:23:32","guid":{"rendered":"https:\/\/kavial.ee\/et\/?post_type=product&#038;p=142093"},"modified":"2026-05-14T17:15:21","modified_gmt":"2026-05-14T14:15:21","slug":"43-12-universal-3-jaw-puller-with-self-centering-jaws","status":"publish","type":"product","link":"https:\/\/kavial.ee\/en\/webshop\/hooldusseadmed\/kukko-hooldusseadmed\/kukko-mehaanilised-tommitsad\/43-12-universal-3-jaw-puller-with-self-centering-jaws\/","title":{"rendered":"43-12 Universal 3-jaw puller with self-centering jaws"},"content":{"rendered":"<p>Iseseaduv 3-l\u00f5ualine t\u00f5mmits; ulatuv laius 0-70mm; ulatuv s\u00fcgavus 70mm; maks. venitusj\u00f5ud 15kN; maks. t\u00f5mbej\u00f5ud 1.5t<\/p>\n<p>EAN: 4021176015601<\/p>","protected":false},"excerpt":{"rendered":"<p>Iseseaduv 3-l\u00f5ualine t\u00f5mmits; ulatuv laius 0-70mm; ulatuv s\u00fcgavus 70mm; maks. venitusj\u00f5ud 15kN; maks. t\u00f5mbej\u00f5ud 1.5t EAN: 4021176015601<\/p>","protected":false},"featured_media":142130,"template":"","meta":[],"product_brand":[],"product_cat":[1040],"product_tag":[],"class_list":{"0":"post-142093","1":"product","2":"type-product","3":"status-publish","4":"has-post-thumbnail","6":"product_cat-kukko-mehaanilised-tommitsad","8":"first","9":"instock","10":"taxable","11":"shipping-taxable","12":"purchasable","13":"product-type-simple"},"_links":{"self":[{"href":"https:\/\/kavial.ee\/en\/wp-json\/wp\/v2\/product\/142093","targetHints":{"allow":["GET"]}}],"collection":[{"href":"https:\/\/kavial.ee\/en\/wp-json\/wp\/v2\/product"}],"about":[{"href":"https:\/\/kavial.ee\/en\/wp-json\/wp\/v2\/types\/product"}],"wp:featuredmedia":[{"embeddable":true,"href":"https:\/\/kavial.ee\/en\/wp-json\/wp\/v2\/media\/142130"}],"wp:attachment":[{"href":"https:\/\/kavial.ee\/en\/wp-json\/wp\/v2\/media?parent=142093"}],"wp:term":[{"taxonomy":"product_brand","embeddable":true,"href":"https:\/\/kavial.ee\/en\/wp-json\/wp\/v2\/product_brand?post=142093"},{"taxonomy":"product_cat","embeddable":true,"href":"https:\/\/kavial.ee\/en\/wp-json\/wp\/v2\/product_cat?post=142093"},{"taxonomy":"product_tag","embeddable":true,"href":"https:\/\/kavial.ee\/en\/wp-json\/wp\/v2\/product_tag?post=142093"}],"curies":[{"name":"wp","href":"https:\/\/api.w.org\/{rel}","templated":true}]}}