{"id":142096,"date":"2025-01-15T12:23:29","date_gmt":"2025-01-15T10:23:29","guid":{"rendered":"https:\/\/kavial.ee\/et\/?post_type=product&#038;p=142096"},"modified":"2025-07-02T03:24:02","modified_gmt":"2025-07-02T00:24:02","slug":"44-3-universal-2-jaw-puller-with-self-centering-jaws","status":"publish","type":"product","link":"https:\/\/kavial.ee\/en\/webshop\/hooldusseadmed\/kukko-hooldusseadmed\/kukko-mehaanilised-tommitsad\/44-3-universal-2-jaw-puller-with-self-centering-jaws\/","title":{"rendered":"44-3 Universal 2-jaw puller with self-centering jaws"},"content":{"rendered":"<p>Iseseaduv 2-haaratsiga t\u00f5mmits; ulatuv laius 0-160mm; ulatuv s\u00fcgavus 160mm; maks. moment 140Nm; maks. venitusj\u00f5ud 60kN; maks. t\u00f5mbej\u00f5ud 6t; keere M18x1,5; kuuskantpesa 19mm<\/p>\n<p>EAN: 4021176016288<\/p>","protected":false},"excerpt":{"rendered":"<p>Iseseaduv 2-haaratsiga t\u00f5mmits; ulatuv laius 0-160mm; ulatuv s\u00fcgavus 160mm; maks. moment 140Nm; maks. venitusj\u00f5ud 60kN; maks. t\u00f5mbej\u00f5ud 6t; keere M18x1,5; kuuskantpesa 19mm EAN: 4021176016288<\/p>","protected":false},"featured_media":142127,"template":"","meta":[],"product_brand":[],"product_cat":[1040],"product_tag":[],"class_list":{"0":"post-142096","1":"product","2":"type-product","3":"status-publish","4":"has-post-thumbnail","6":"product_cat-kukko-mehaanilised-tommitsad","8":"first","9":"instock","10":"taxable","11":"shipping-taxable","12":"purchasable","13":"product-type-simple"},"_links":{"self":[{"href":"https:\/\/kavial.ee\/en\/wp-json\/wp\/v2\/product\/142096","targetHints":{"allow":["GET"]}}],"collection":[{"href":"https:\/\/kavial.ee\/en\/wp-json\/wp\/v2\/product"}],"about":[{"href":"https:\/\/kavial.ee\/en\/wp-json\/wp\/v2\/types\/product"}],"wp:featuredmedia":[{"embeddable":true,"href":"https:\/\/kavial.ee\/en\/wp-json\/wp\/v2\/media\/142127"}],"wp:attachment":[{"href":"https:\/\/kavial.ee\/en\/wp-json\/wp\/v2\/media?parent=142096"}],"wp:term":[{"taxonomy":"product_brand","embeddable":true,"href":"https:\/\/kavial.ee\/en\/wp-json\/wp\/v2\/product_brand?post=142096"},{"taxonomy":"product_cat","embeddable":true,"href":"https:\/\/kavial.ee\/en\/wp-json\/wp\/v2\/product_cat?post=142096"},{"taxonomy":"product_tag","embeddable":true,"href":"https:\/\/kavial.ee\/en\/wp-json\/wp\/v2\/product_tag?post=142096"}],"curies":[{"name":"wp","href":"https:\/\/api.w.org\/{rel}","templated":true}]}}