{"id":142303,"date":"2025-01-17T13:02:06","date_gmt":"2025-01-17T11:02:06","guid":{"rendered":"https:\/\/kavial.ee\/et\/?post_type=product&#038;p=142303"},"modified":"2026-02-18T00:25:43","modified_gmt":"2026-02-17T22:25:43","slug":"mechanical-puller-betex-msp-120-2-3-arm-self-centering","status":"publish","type":"product","link":"https:\/\/kavial.ee\/en\/webshop\/hooldusseadmed\/bega-hooldusseadmed\/bega-mehaanilised-tommitsad\/mechanical-puller-betex-msp-120-2-3-arm-self-centering\/","title":{"rendered":"Mechanical puller BETEX MSP 120 2\/3-arm self-centering"},"content":{"rendered":"<p>Iseseaduv 2-3-haaratsiga t\u00f5mmits; ulatuv laius 45-120mm; ulatuv s\u00fcgavus 80mm; kandev\u00f5ime 2t; maks. moment 23Nm; kuuskantpesa 19mm<\/p>\n<p>Art. no: 798250<br \/>\n120&#215;80<\/p>","protected":false},"excerpt":{"rendered":"<p>Iseseaduv 2-3-haaratsiga t\u00f5mmits; ulatuv laius 45-120mm; ulatuv s\u00fcgavus 80mm; kandev\u00f5ime 2t; maks. moment 23Nm; kuuskantpesa 19mm Art. no: 798250 120&#215;80<\/p>","protected":false},"featured_media":142310,"template":"","meta":[],"product_brand":[],"product_cat":[1045],"product_tag":[],"class_list":{"0":"post-142303","1":"product","2":"type-product","3":"status-publish","4":"has-post-thumbnail","6":"product_cat-bega-mehaanilised-tommitsad","8":"first","9":"instock","10":"taxable","11":"shipping-taxable","12":"purchasable","13":"product-type-simple"},"_links":{"self":[{"href":"https:\/\/kavial.ee\/en\/wp-json\/wp\/v2\/product\/142303","targetHints":{"allow":["GET"]}}],"collection":[{"href":"https:\/\/kavial.ee\/en\/wp-json\/wp\/v2\/product"}],"about":[{"href":"https:\/\/kavial.ee\/en\/wp-json\/wp\/v2\/types\/product"}],"wp:featuredmedia":[{"embeddable":true,"href":"https:\/\/kavial.ee\/en\/wp-json\/wp\/v2\/media\/142310"}],"wp:attachment":[{"href":"https:\/\/kavial.ee\/en\/wp-json\/wp\/v2\/media?parent=142303"}],"wp:term":[{"taxonomy":"product_brand","embeddable":true,"href":"https:\/\/kavial.ee\/en\/wp-json\/wp\/v2\/product_brand?post=142303"},{"taxonomy":"product_cat","embeddable":true,"href":"https:\/\/kavial.ee\/en\/wp-json\/wp\/v2\/product_cat?post=142303"},{"taxonomy":"product_tag","embeddable":true,"href":"https:\/\/kavial.ee\/en\/wp-json\/wp\/v2\/product_tag?post=142303"}],"curies":[{"name":"wp","href":"https:\/\/api.w.org\/{rel}","templated":true}]}}