{"id":142305,"date":"2025-01-17T13:01:52","date_gmt":"2025-01-17T11:01:52","guid":{"rendered":"https:\/\/kavial.ee\/et\/?post_type=product&#038;p=142305"},"modified":"2026-01-09T14:20:56","modified_gmt":"2026-01-09T12:20:56","slug":"mechanical-puller-betex-msp-270-2-3-arm-self-centering","status":"publish","type":"product","link":"https:\/\/kavial.ee\/en\/webshop\/hooldusseadmed\/bega-hooldusseadmed\/bega-mehaanilised-tommitsad\/mechanical-puller-betex-msp-270-2-3-arm-self-centering\/","title":{"rendered":"Mechanical puller BETEX MSP 270 2\/3-arm self-centering"},"content":{"rendered":"<p>Iseseaduv 2-3-haaratsiga t\u00f5mmits; ulatuv laius 60-270mm; ulatuv s\u00fcgavus 160mm; kandev\u00f5ime 5t; maks. moment 79Nm; kuuskantpesa 23mm<\/p>\n<p>Art. no: 798350<br \/>\n270&#215;160<\/p>","protected":false},"excerpt":{"rendered":"<p>Iseseaduv 2-3-haaratsiga t\u00f5mmits; ulatuv laius 60-270mm; ulatuv s\u00fcgavus 160mm; kandev\u00f5ime 5t; maks. moment 79Nm; kuuskantpesa 23mm Art. no: 798350 270&#215;160<\/p>","protected":false},"featured_media":142310,"template":"","meta":[],"product_brand":[],"product_cat":[1045],"product_tag":[],"class_list":{"0":"post-142305","1":"product","2":"type-product","3":"status-publish","4":"has-post-thumbnail","6":"product_cat-bega-mehaanilised-tommitsad","8":"first","9":"instock","10":"taxable","11":"shipping-taxable","12":"purchasable","13":"product-type-simple"},"_links":{"self":[{"href":"https:\/\/kavial.ee\/en\/wp-json\/wp\/v2\/product\/142305","targetHints":{"allow":["GET"]}}],"collection":[{"href":"https:\/\/kavial.ee\/en\/wp-json\/wp\/v2\/product"}],"about":[{"href":"https:\/\/kavial.ee\/en\/wp-json\/wp\/v2\/types\/product"}],"wp:featuredmedia":[{"embeddable":true,"href":"https:\/\/kavial.ee\/en\/wp-json\/wp\/v2\/media\/142310"}],"wp:attachment":[{"href":"https:\/\/kavial.ee\/en\/wp-json\/wp\/v2\/media?parent=142305"}],"wp:term":[{"taxonomy":"product_brand","embeddable":true,"href":"https:\/\/kavial.ee\/en\/wp-json\/wp\/v2\/product_brand?post=142305"},{"taxonomy":"product_cat","embeddable":true,"href":"https:\/\/kavial.ee\/en\/wp-json\/wp\/v2\/product_cat?post=142305"},{"taxonomy":"product_tag","embeddable":true,"href":"https:\/\/kavial.ee\/en\/wp-json\/wp\/v2\/product_tag?post=142305"}],"curies":[{"name":"wp","href":"https:\/\/api.w.org\/{rel}","templated":true}]}}