{"id":145224,"date":"2025-03-11T12:55:30","date_gmt":"2025-03-11T10:55:30","guid":{"rendered":"https:\/\/kavial.ee\/et\/?post_type=product&#038;p=145224"},"modified":"2026-02-10T21:46:33","modified_gmt":"2026-02-10T19:46:33","slug":"puurikomplekt-1-13mm-25tk-hss-2","status":"publish","type":"product","link":"https:\/\/kavial.ee\/en\/webshop\/metallitootlus\/puurid\/silindersabaga-spiraalpuurid\/puurikomplekt-1-13mm-25tk-hss-2\/","title":{"rendered":"Puurikomplekt 1-13mm. 25tk HSS"},"content":{"rendered":"<p>\u00d81,0  1tk;<br \/>\n\u00d81,5  1tk;<br \/>\n\u00d82,0  1tk;<br \/>\n\u00d82,5  1tk;<br \/>\n\u00d83,0  1tk;<br \/>\n\u00d83,5  1tk;<br \/>\n\u00d84,0  1tk;<br \/>\n\u00d84,5  1tk;<br \/>\n\u00d85,0  1tk;<br \/>\n\u00d85,5  1tk;<br \/>\n\u00d86,0  1tk;<br \/>\n\u00d86,5  1tk;<br \/>\n\u00d87,0  1tk;<br \/>\n\u00d87,5  1tk;<br \/>\n\u00d88,0  1tk;<br \/>\n\u00d88,5  1tk;<br \/>\n\u00d89,0  1tk;<br \/>\n\u00d89,5  1tk;<br \/>\n\u00d810,0  1tk;<br \/>\n\u00d810,5  1tk;<br \/>\n\u00d811,0  1tk;<br \/>\n\u00d811,5  1tk;<br \/>\n\u00d812,0  1tk;<br \/>\n\u00d812,5  1tk;<br \/>\n\u00d813,0  1tk<br \/>\n1-13<\/p>","protected":false},"excerpt":{"rendered":"<p>\u00d81,0 1tk; \u00d81,5 1tk; \u00d82,0 1tk; \u00d82,5 1tk; \u00d83,0 1tk; \u00d83,5 1tk; \u00d84,0 1tk; \u00d84,5 1tk; \u00d85,0 1tk; \u00d85,5 1tk; \u00d86,0 1tk; \u00d86,5 1tk; \u00d87,0 1tk; \u00d87,5 1tk; \u00d88,0 1tk; \u00d88,5 1tk; \u00d89,0 1tk; \u00d89,5 1tk; \u00d810,0 1tk; \u00d810,5 1tk; \u00d811,0 1tk; \u00d811,5 1tk; \u00d812,0 1tk; \u00d812,5 1tk; \u00d813,0 1tk 1-13<\/p>","protected":false},"featured_media":0,"template":"","meta":[],"product_brand":[],"product_cat":[1091],"product_tag":[],"class_list":{"0":"post-145224","1":"product","2":"type-product","3":"status-publish","5":"product_cat-silindersabaga-spiraalpuurid","7":"first","8":"instock","9":"taxable","10":"shipping-taxable","11":"purchasable","12":"product-type-simple"},"_links":{"self":[{"href":"https:\/\/kavial.ee\/en\/wp-json\/wp\/v2\/product\/145224","targetHints":{"allow":["GET"]}}],"collection":[{"href":"https:\/\/kavial.ee\/en\/wp-json\/wp\/v2\/product"}],"about":[{"href":"https:\/\/kavial.ee\/en\/wp-json\/wp\/v2\/types\/product"}],"wp:attachment":[{"href":"https:\/\/kavial.ee\/en\/wp-json\/wp\/v2\/media?parent=145224"}],"wp:term":[{"taxonomy":"product_brand","embeddable":true,"href":"https:\/\/kavial.ee\/en\/wp-json\/wp\/v2\/product_brand?post=145224"},{"taxonomy":"product_cat","embeddable":true,"href":"https:\/\/kavial.ee\/en\/wp-json\/wp\/v2\/product_cat?post=145224"},{"taxonomy":"product_tag","embeddable":true,"href":"https:\/\/kavial.ee\/en\/wp-json\/wp\/v2\/product_tag?post=145224"}],"curies":[{"name":"wp","href":"https:\/\/api.w.org\/{rel}","templated":true}]}}