{"id":83006,"date":"2023-08-03T15:34:01","date_gmt":"2023-08-03T12:34:01","guid":{"rendered":"https:\/\/kavial.ee\/et\/?post_type=product&#038;p=83006"},"modified":"2026-03-03T09:53:43","modified_gmt":"2026-03-03T07:53:43","slug":"hc6007-2rsr-tvh-l207-c3","status":"publish","type":"product","link":"https:\/\/kavial.ee\/en\/webshop\/masinaelemendid\/veerelaagrid\/kuullaagrid\/radiaalkuullaagrid\/60xx-62xx-63xx-64xx\/hc6007-2rsr-tvh-l207-c3\/","title":{"rendered":"HC6007-2RSR-TVH-L207-C3 (BB1-3793)"},"content":{"rendered":"<p>\u2013 Ceramic balls<br \/>\n\u2013 High RPM<br \/>\n\u2013 Isolated<\/p>\n<p>\u2013 suitable for repairing Tesla Model S and Tesla Model X (2012-2020 range) Large and Performance type electric motors<br \/>\n\u2013 Mercedes-Benz B-klassi and Toyota RAV4 electric drives<\/p>\n<p>Interchanges 6007-2RZTN9\/HC5C3WT SKF<br \/>\n35x62x14<\/p>","protected":false},"excerpt":{"rendered":"<p>&#8211; Keraamilised kuulid &#8211; K\u00f5rgep\u00f6\u00f6rdeline &#8211; Isoleeritud &#8211; Tesla Model S ja Tesla Model X (2012-2020) Large ja Performance elektrimootorite remondiks &#8211; Mercedes-Benz B-klassi ja Toyota RAV4 elektriajamite remondiks Asendab 6007-2RZTN9\/HC5C3WT SKF 35x62x14<\/p>","protected":false},"featured_media":155610,"template":"","meta":[],"product_brand":[],"product_cat":[72],"product_tag":[83],"class_list":{"0":"post-83006","1":"product","2":"type-product","3":"status-publish","4":"has-post-thumbnail","6":"product_cat-60xx-62xx-63xx-64xx","7":"product_tag-laager","9":"first","10":"instock","11":"taxable","12":"shipping-taxable","13":"purchasable","14":"product-type-simple"},"_links":{"self":[{"href":"https:\/\/kavial.ee\/en\/wp-json\/wp\/v2\/product\/83006","targetHints":{"allow":["GET"]}}],"collection":[{"href":"https:\/\/kavial.ee\/en\/wp-json\/wp\/v2\/product"}],"about":[{"href":"https:\/\/kavial.ee\/en\/wp-json\/wp\/v2\/types\/product"}],"wp:featuredmedia":[{"embeddable":true,"href":"https:\/\/kavial.ee\/en\/wp-json\/wp\/v2\/media\/155610"}],"wp:attachment":[{"href":"https:\/\/kavial.ee\/en\/wp-json\/wp\/v2\/media?parent=83006"}],"wp:term":[{"taxonomy":"product_brand","embeddable":true,"href":"https:\/\/kavial.ee\/en\/wp-json\/wp\/v2\/product_brand?post=83006"},{"taxonomy":"product_cat","embeddable":true,"href":"https:\/\/kavial.ee\/en\/wp-json\/wp\/v2\/product_cat?post=83006"},{"taxonomy":"product_tag","embeddable":true,"href":"https:\/\/kavial.ee\/en\/wp-json\/wp\/v2\/product_tag?post=83006"}],"curies":[{"name":"wp","href":"https:\/\/api.w.org\/{rel}","templated":true}]}}