{"id":84039,"date":"2023-08-03T15:23:15","date_gmt":"2023-08-03T12:23:15","guid":{"rendered":"https:\/\/kavial.ee\/et\/?post_type=product&#038;p=84039"},"modified":"2026-03-03T13:15:40","modified_gmt":"2026-03-03T11:15:40","slug":"6205-2z-gjn","status":"publish","type":"product","link":"https:\/\/kavial.ee\/en\/webshop\/masinaelemendid\/veerelaagrid\/kuullaagrid\/radiaalkuullaagrid\/60xx-62xx-63xx-64xx\/6205-2z-gjn\/","title":{"rendered":"HC6205-2Z-L038-C3"},"content":{"rendered":"<p>\u2013 Keraamilised kuulid<br \/>\n\u2013 K\u00f5rgep\u00f6\u00f6rdeline<br \/>\n\u2013 Isoleeritud<br \/>\n25x52x15<\/p>","protected":false},"excerpt":{"rendered":"<p>\u2013 Keraamilised kuulid \u2013 K\u00f5rgep\u00f6\u00f6rdeline \u2013 Isoleeritud 25x52x15<\/p>","protected":false},"featured_media":155614,"template":"","meta":[],"product_brand":[],"product_cat":[72],"product_tag":[83],"class_list":{"0":"post-84039","1":"product","2":"type-product","3":"status-publish","4":"has-post-thumbnail","6":"product_cat-60xx-62xx-63xx-64xx","7":"product_tag-laager","9":"first","10":"instock","11":"taxable","12":"shipping-taxable","13":"purchasable","14":"product-type-simple"},"_links":{"self":[{"href":"https:\/\/kavial.ee\/en\/wp-json\/wp\/v2\/product\/84039","targetHints":{"allow":["GET"]}}],"collection":[{"href":"https:\/\/kavial.ee\/en\/wp-json\/wp\/v2\/product"}],"about":[{"href":"https:\/\/kavial.ee\/en\/wp-json\/wp\/v2\/types\/product"}],"wp:featuredmedia":[{"embeddable":true,"href":"https:\/\/kavial.ee\/en\/wp-json\/wp\/v2\/media\/155614"}],"wp:attachment":[{"href":"https:\/\/kavial.ee\/en\/wp-json\/wp\/v2\/media?parent=84039"}],"wp:term":[{"taxonomy":"product_brand","embeddable":true,"href":"https:\/\/kavial.ee\/en\/wp-json\/wp\/v2\/product_brand?post=84039"},{"taxonomy":"product_cat","embeddable":true,"href":"https:\/\/kavial.ee\/en\/wp-json\/wp\/v2\/product_cat?post=84039"},{"taxonomy":"product_tag","embeddable":true,"href":"https:\/\/kavial.ee\/en\/wp-json\/wp\/v2\/product_tag?post=84039"}],"curies":[{"name":"wp","href":"https:\/\/api.w.org\/{rel}","templated":true}]}}