{"id":111784,"date":"2024-02-20T01:34:45","date_gmt":"2024-02-19T23:34:45","guid":{"rendered":"https:\/\/kavial.ee\/?page_id=111784"},"modified":"2025-01-08T23:17:55","modified_gmt":"2025-01-08T21:17:55","slug":"schaeffler","status":"publish","type":"page","link":"https:\/\/kavial.ee\/et\/company\/schaeffler\/","title":{"rendered":"Schaeffler"},"content":{"rendered":"\n<h1 class=\"wp-block-heading\">Schaeffler<\/h1>\n\n\n\n<p style=\"font-size:16px\">Hindame v\u00e4ga suhteid k\u00f5igiga meie tarnijatega. Paljudega neist meil on tekkinud v\u00e4ga soojad, v\u00f5ib isegi \u00f6elda, s\u00f5bralikud suhted. V\u00e4ike v\u00f5i suur, iga kaubam\u00e4rk, mida me esindame, iga tarnija, kellega me t\u00f6\u00f6tame, on meile oluline.<\/p>\n\n\n\n<p style=\"font-size:16px\">Aga on olemas \u00fcks partner, kes on meie s\u00fcdames erilisel kohal &#8211; <strong>Schaeffler Technologies AG &amp; Co. KG<\/strong> ehk <strong>Schaeffler Group<\/strong><\/p>\n\n\n\n<p class=\"has-text-align-left\" style=\"font-size:16px\"><a href=\"https:\/\/www.schaeffler.de\/\" target=\"_blank\" rel=\"noreferrer noopener\"><img loading=\"lazy\" decoding=\"async\" width=\"600\" height=\"67\" class=\"wp-image-80505\" style=\"width: 600px;\" src=\"https:\/\/kavial.ee\/www\/wp-content\/uploads\/brnd-schaeffler.png\" alt=\"\" title=\"\" srcset=\"https:\/\/kavial.ee\/www\/wp-content\/uploads\/brnd-schaeffler.png 1000w, https:\/\/kavial.ee\/www\/wp-content\/uploads\/brnd-schaeffler-416x46.png 416w, https:\/\/kavial.ee\/www\/wp-content\/uploads\/brnd-schaeffler-64x7.png 64w\" sizes=\"auto, (max-width: 600px) 100vw, 600px\" \/><\/a><\/p>\n\n\n\n<p style=\"font-size:16px\">Meie partnerlus Baieri kontserniga algas aastal 2006. Aastate jooksul on meie suhted tugevnenud, k\u00e4ive kasvanud ja t\u00e4naseks p\u00e4evaks me oleme saanud \u00fcks suurimaid Schaeffleri toodangu maaletoojaks Balti riikides.<\/p>\n\n\n\n<p style=\"font-size:16px\">Kontsernile kuuluvad kaubam\u00e4rgid <strong>INA<\/strong> ja <strong>FAG<\/strong> moodustavad meie tootevaliku selgroo. Lai valik rakendusi, k\u00f5rge kvaliteet ning sellega kaasnev tugi nii meie kogenud spetsialistidelt kui ka kvalifitseeritud tehasespetsialistidelt, v\u00f5imaldavad meil j\u00e4\u00e4da k\u00f5ige n\u00f5utumaks ja usaldusv\u00e4\u00e4rsemaks tarnijaks nii kerge- kui ka rasket\u00f6\u00f6stusettev\u00f5tetele Eestis ja Balti riikides.<\/p>\n\n\n\n<p style=\"font-size:16px\">Meie partnerluse \u00fcks peamisi p\u00f5him\u00f5tteid on avameelsus ja k\u00e4ttesaadavus l\u00f5pptarbijale. K\u00f5ik meie Schaeffleri tooteid kasutavad kliendid on ka Schaeffleri kliendid.<\/p>\n\n\n\n<h2 class=\"wp-block-heading\">medias<\/h2>\n\n\n\n<p style=\"font-size:16px\">Selleks, et oma p\u00f5him\u00f5tteid alati j\u00e4rgida &#8211; olla k\u00e4ttesaadav ja avatud ka k\u00f5ige v\u00e4iksematele ettev\u00f5tjatele ja eraklientidele, on Schaeffleri kontsern loonud universaalse t\u00f6\u00f6riista vajalike t\u00f6\u00f6stustoodete valimiseks, samas tehnikas\u00f5nastiku, kataloogi ja ents\u00fcklopeedia &#8211; kolm-\u00fches &#8211; <strong><a href=\"https:\/\/medias.schaeffler.de\/en?affiliateid=A102200773\" target=\"_blank\" rel=\"noreferrer noopener\">medias<\/a><\/strong><\/p>\n\n\n\n<p style=\"font-size:16px\">Olles l\u00e4binud mitmeid kvalitatiivseid muutusi ning j\u00e4tkuvalt laienemisel ja uuendamisel, sellest veebikeskkonnast on saanud asendamatu t\u00f6\u00f6riist nii meie klientide kui ka meie jaoks.<\/p>\n\n\n\n<p style=\"font-size:16px\"><strong>medias<\/strong> Plus portaal on saadaval k\u00f5ikidele soovijatele t\u00e4iesti tasuta.<\/p>\n\n\n\n<h2 class=\"wp-block-heading\">INA lineaarliikumise s\u00fcsteemid<\/h2>\n\n\n\n<p style=\"font-size:16px\">1955 aastal <strong>INA<\/strong> poolt arendatud esimesed lineaarjuhikud panid alguse uuele tehnoloogia\u00fcksusele. Sellest ajast Schaeffleri k\u00f5rgtehnoloogilised lineaarkelgud ja juhikud on maailmaturu liidrite seas.<\/p>\n\n\n\n<p style=\"font-size:16px\">Meie tootevaliku m\u00e4rkimisv\u00e4\u00e4rne osa on just Schaeffleri lineaartehnoloogia\u00fcksuse toodang.<\/p>\n","protected":false},"excerpt":{"rendered":"<p>Schaeffler Hindame v\u00e4ga suhteid k\u00f5igiga meie tarnijatega. Paljudega neist meil on tekkinud v\u00e4ga soojad, v\u00f5ib isegi \u00f6elda, s\u00f5bralikud suhted. V\u00e4ike v\u00f5i suur, iga kaubam\u00e4rk, mida me esindame, iga tarnija, kellega me t\u00f6\u00f6tame, on meile oluline. Aga on olemas \u00fcks partner, kes on meie s\u00fcdames erilisel kohal &#8211; Schaeffler Technologies AG &amp; Co. KG ehk Schaeffler [&hellip;]<\/p>\n","protected":false},"author":1,"featured_media":0,"parent":80459,"menu_order":12,"comment_status":"closed","ping_status":"closed","template":"","meta":{"footnotes":""},"class_list":["post-111784","page","type-page","status-publish","hentry"],"_links":{"self":[{"href":"https:\/\/kavial.ee\/et\/wp-json\/wp\/v2\/pages\/111784","targetHints":{"allow":["GET"]}}],"collection":[{"href":"https:\/\/kavial.ee\/et\/wp-json\/wp\/v2\/pages"}],"about":[{"href":"https:\/\/kavial.ee\/et\/wp-json\/wp\/v2\/types\/page"}],"author":[{"embeddable":true,"href":"https:\/\/kavial.ee\/et\/wp-json\/wp\/v2\/users\/1"}],"replies":[{"embeddable":true,"href":"https:\/\/kavial.ee\/et\/wp-json\/wp\/v2\/comments?post=111784"}],"version-history":[{"count":0,"href":"https:\/\/kavial.ee\/et\/wp-json\/wp\/v2\/pages\/111784\/revisions"}],"up":[{"embeddable":true,"href":"https:\/\/kavial.ee\/et\/wp-json\/wp\/v2\/pages\/80459"}],"wp:attachment":[{"href":"https:\/\/kavial.ee\/et\/wp-json\/wp\/v2\/media?parent=111784"}],"curies":[{"name":"wp","href":"https:\/\/api.w.org\/{rel}","templated":true}]}}