{"id":141949,"date":"2025-10-01T01:21:18","date_gmt":"2025-09-30T22:21:18","guid":{"rendered":"https:\/\/kavial.ee\/?page_id=141949"},"modified":"2026-01-16T03:52:07","modified_gmt":"2026-01-16T01:52:07","slug":"kkk","status":"publish","type":"page","link":"https:\/\/kavial.ee\/et\/kkk\/","title":{"rendered":"Korduma kippuvad k\u00fcsimused"},"content":{"rendered":"\n<h2 class=\"wp-block-heading\"><strong>\u00dcldinfo<\/strong><\/h2>\n\n\n\n<div class=\"wp-block-columns is-layout-flex wp-container-core-columns-is-layout-28f84493 wp-block-columns-is-layout-flex\">\n<div class=\"wp-block-column is-layout-flow wp-block-column-is-layout-flow\" style=\"flex-basis:100%\">\n<details class=\"wp-block-details is-layout-flow wp-block-details-is-layout-flow\" style=\"font-size:16px;font-style:normal;font-weight:700\"><summary>Milised makseviisid on saadaval?<\/summary>\n<p style=\"font-size:16px;font-style:normal;font-weight:400\"><strong>Arve<\/strong><br>S\u00f5ltuvalt kliendi staatusest edastame tellimusel m\u00e4rgitud e-posti aadressile ettemaksuarve v\u00f5i kohe j\u00e4tkame kaupade komplekteerimisega.<br><br>&#8211; Kui klient on <strong>eraisik<\/strong> &#8211; edastame e-posti aadresille ettemaksuarve ja ootame makse laekumist. Tellimus on ootel. P\u00e4rast makse laekumist l\u00e4heb tellimus t\u00f6\u00f6sse.<br><br>&#8211; Kui klient on j\u00fcriidiline isik &#8211; edastame e-posti aadresille ettemaksuarve ja ootame makse laekumist. Tellimus on ootel. P\u00e4rast makse laekumist l\u00e4heb tellimus t\u00f6\u00f6sse.<br><br>&#8211; Kui kliendil on olemas <strong>p\u00fcsikliendileping<\/strong> &#8211; kontrollime lepingu tingimusi ja volitatuid isikuid. Tellimuse staatus on &#8220;Ootel&#8221; aga tegelikult j\u00e4tkame tellimuse t\u00f6\u00f6tlemisega, edastame arve kliendi raamatupidamisosakonnale, arvekogujale v\u00f5i tellimuses m\u00e4rgitud e-posti aadressile. Kliendil on kohustus makset\u00e4htajaks arve kinni maksta.<br><br>Arve on k\u00f5ige aeglasem makseviis. Arvet koostab kliendihaldur ning saadab kliendile eraldi e-kirjana. Vormistades sellise tellimuse t\u00f6\u00f6p\u00e4eva l\u00f5pus, n\u00e4dalavahetusel v\u00f5i riigip\u00fcha p\u00e4eval, edastatakse arve\/e-kiri vaid j\u00e4rgmisel (l\u00e4himal) <span style=\"text-decoration: underline;\">t\u00f6\u00f6<\/span>p\u00e4eval.<br><br><strong>Pangalink<\/strong><br>Klient maksab tellimuse eest makseportaali kaudu, sobiva pangalingi valides ning suundub tagasi meie veebipoodi. Veebipood registreerib makse laekumist, klient saab e-posti aadressile kinnitust. Tellimus kohe l\u00e4heb t\u00f6\u00f6tlemisele. Makseportaali vahendaja on Swedbank AS koost\u00f6\u00f6s Everypay-ga.<br><br>Pangalingid:<br>&#8211; Eesti pangad: Swedbank, SEB, Luminor, LHV, Coop Pank, Citadele, Revolut<br>&#8211; L\u00e4ti pangad: Swedbank, SEB, Luminor, Citadele, Revolut<br>&#8211; Leedu pangad: Swedbank, SEB, Luminor, Citadele, \u0160iauli\u0173 bankas, Urbo, Revolut<br><br><strong>Kaardimakse \/ Click to Pay<\/strong><br>Klient maksab tellimuse eest makseportaali kaudu, sobiva maksekaardi valides ning suundub tagasi meie veebipoodi. Veebipood registreerib makse laekumist, klient saab e-posti aadressile kinnitust. Tellimus kohe l\u00e4heb t\u00f6\u00f6tlemisele. Makseportaali vahendaja on Swedbank AS koost\u00f6\u00f6s Everypay-ga. V\u00f5etakse vastu Visa ja Mastercard krediit- ja deebetkaarte.<br><br><strong>Tasumine kohapeal<br><\/strong>Klient ootab kutset, et kaup on k\u00e4ttesaamiseks valmis. Tellimuse loetakse t\u00e4idetuks. Klient tuleb kohale, n\u00e4itab tellimuse numbri, tuvastab oma isikut v\u00f5i esindus\u00f5igust, maksab tellimuse eest kassas (saab arve k\u00e4tte kui tal on p\u00fcsikliendileping), saab tellimuse k\u00e4tte.<br><br>M\u00f5ned kaubad ei ole saadaval tasumiseks kohapeal ning vajavad 100% ettemakset, nt. lineaarjuhikud ja v\u00f5llid.<br><br>Kohapeal saab maksta kaardiga (ka viipemaksega) ja sularahas.<\/p>\n\n\n\n<div style=\"height:25px\" aria-hidden=\"true\" class=\"wp-block-spacer\"><\/div>\n<\/details>\n\n\n\n<details class=\"wp-block-details is-layout-flow wp-block-details-is-layout-flow\" style=\"font-size:16px;font-style:normal;font-weight:700\"><summary>Kas on v\u00f5imalik tasuda e-arvega?<\/summary>\n<p style=\"font-size:16px;font-style:normal;font-weight:400\">E-arvega tasumiseks palun valige makseviisiks <strong>Arve<\/strong> ja tellimuse m\u00e4rkustes kirjutage &#8220;<strong>E-arve<\/strong>&#8221; ning t\u00e4psustage arvekoguja\/e-posti aadressi, mida kasutatakse e-arve saamiseks.<\/p>\n\n\n\n<div style=\"height:25px\" aria-hidden=\"true\" class=\"wp-block-spacer\"><\/div>\n<\/details>\n\n\n\n<details class=\"wp-block-details is-layout-flow wp-block-details-is-layout-flow\" style=\"font-size:16px;font-style:normal;font-weight:700\"><summary>Milised tarneviisid on saadaval?<\/summary>\n<p style=\"font-size:16px;font-style:normal;font-weight:400\"><strong>Pakiautomaat<\/strong><br>Kauba pakendi maksimaalsed suurused pakiautomaaditeenuse kasutamiseks:<br>&#8211; K\u00f5rgus 37cm<br>&#8211; Laius 40cm<br>&#8211; S\u00fcgavus 60cm<br>&#8211; Kaal kuni 20kg<br><br><strong>Kuller<\/strong><br>Kauba pakendi maksimaalsed suurused kullerteenuse kasutamiseks:<br>&#8211; Pakendi pikim k\u00fclg ei \u00fcleta 175cm<br>&#8211; \u00dche karbi kaal kuni 31,5kg<br>&#8211; \u00dche poolaluse kaal kuni 239kg<br>&#8211; \u00dche aluse kaal kuni 700kg<br><br>Pakiautomaadi- ja kullerteenust osutab DPD Eesti AS. Kuller korjab tellimusi igal t\u00f6\u00f6p\u00e4eval ajavahemikus kella 16:00-17:00 (l\u00fchendatud <span style=\"text-decoration: underline;\">t\u00f6\u00f6<\/span>p\u00e4eval ajavahemikus kella 13:00-14:00). Kui kaup on kullerile \u00fcle antud muutub tellimus t\u00e4idetuks.<br><br><strong>K\u00e4ttesaamine esindusest<\/strong><br>Tellitud kauba saab k\u00e4tte meie Tallinna esindusest aadressilt Vesse 3 (J.Smuuli 42). Oleme avatud t\u00f6\u00f6p\u00e4eviti kella 8:30-17:00.<br><br>Kaubale ise j\u00e4rele tulles, palun tulge alles siis, kui olete saanud e-kirja, et tellimus on k\u00e4ttesaamiseks valmis.<\/p>\n\n\n\n<div style=\"height:25px\" aria-hidden=\"true\" class=\"wp-block-spacer\"><\/div>\n<\/details>\n\n\n\n<details class=\"wp-block-details has-normal-font-size is-layout-flow wp-block-details-is-layout-flow\" style=\"font-style:normal;font-weight:700\"><summary>Millised on tarneajad?<\/summary>\n<p style=\"font-size:16px;font-style:normal;font-weight:400\">Kui kaup on laos olemas ja tellimuse eest on tasutud (makse registreeritud makseportaalis v\u00f5i raha laekus meie pangakontole) enne kella 15:00 (l\u00fchendatud <span style=\"text-decoration: underline;\">t\u00f6\u00f6<\/span>p\u00e4eval enne kella 12:00), pannakse tellimus teele samal p\u00e4eval ning pakk j\u00f5uab kliendini j\u00e4rgneval <span style=\"text-decoration: underline;\">t\u00f6\u00f6<\/span>p\u00e4eval.<br><br>Kohaletoimetamine Eesti saartele v\u00f5ib kesta 1-3 t\u00f6\u00f6p\u00e4eva. Kohaletoimetamine L\u00e4tti, Leetu ja Soome v\u00f5ib kesta 1-5 t\u00f6\u00f6p\u00e4eva.<br><br>90% meie klientidest saavad kaubad k\u00e4tte juba j\u00e4rgmisel t\u00f6\u00f6p\u00e4eval. <\/p>\n\n\n\n<div style=\"height:25px\" aria-hidden=\"true\" class=\"wp-block-spacer\"><\/div>\n<\/details>\n\n\n\n<details class=\"wp-block-details has-normal-font-size is-layout-flow wp-block-details-is-layout-flow\" style=\"font-style:normal;font-weight:700\"><summary>Kust leian j\u00e4lgimiskoodi?<\/summary>\n<p style=\"font-size:16px;font-style:normal;font-weight:400\">Eestisisestele tellimustele j\u00e4lgimiskoodi ei lisata. Saabuvast pakist teavitab DPD e-posti ja SMSi teel.<\/p>\n\n\n\n<div style=\"height:25px\" aria-hidden=\"true\" class=\"wp-block-spacer\"><\/div>\n<\/details>\n<\/div>\n<\/div>\n\n\n\n<h2 class=\"wp-block-heading\"><strong>Lepingulised kliendid<\/strong><\/h2>\n\n\n\n<div class=\"wp-block-columns is-layout-flex wp-container-core-columns-is-layout-28f84493 wp-block-columns-is-layout-flex\">\n<div class=\"wp-block-column is-layout-flow wp-block-column-is-layout-flow\" style=\"flex-basis:100%\">\n<details class=\"wp-block-details is-layout-flow wp-block-details-is-layout-flow\" style=\"font-size:16px;font-style:normal;font-weight:700\"><summary>Olen lepinguline klient, soovin veebipoes tellimusi vormistada<\/summary>\n<p style=\"font-size:16px;font-style:normal;font-weight:400\">Meie lepingulistele klientidele kehtivad veebipoes samad tingimused nagu k\u00f5igi teistele meie klientidele, ainsa erinevusega, et lepingulistele klientidele aktiveeritakse allahindlus.<br><br>Kiireim viis allahindluse aktiveerimiseks on j\u00e4rgmine:<br>&#8211; registreeruge veebipoes<br>&#8211; lisage valitud kaubad ostukorvi<br>&#8211; maksemeetodiks valige <strong>Arve<\/strong><br>&#8211; esitage tellimus<br><br>P\u00e4rast andmete kontrollimist, aktiveeritakse teie kontol allahindluse. Tellitud kaubad saavad uue hinna tagantj\u00e4rele ning l\u00f5pp-arvel n\u00e4ete juba kliendihindu.<br><br>NB! K\u00f5ik kontaktandmed, telefonid, e-posti aadressid, kontaktisiku andmed peavad olema \u00f5iged. Veebipoe konto kasutaja peab olema kas ettev\u00f5tte juhatuse liige v\u00f5i volitatud kontaktisik.<\/p>\n\n\n\n<div style=\"height:25px\" aria-hidden=\"true\" class=\"wp-block-spacer\"><\/div>\n<\/details>\n<\/div>\n<\/div>\n","protected":false},"excerpt":{"rendered":"<p>\u00dcldinfo Lepingulised kliendid<\/p>\n","protected":false},"author":1,"featured_media":0,"parent":0,"menu_order":7,"comment_status":"closed","ping_status":"closed","template":"","meta":{"footnotes":""},"class_list":["post-141949","page","type-page","status-publish","hentry"],"_links":{"self":[{"href":"https:\/\/kavial.ee\/et\/wp-json\/wp\/v2\/pages\/141949","targetHints":{"allow":["GET"]}}],"collection":[{"href":"https:\/\/kavial.ee\/et\/wp-json\/wp\/v2\/pages"}],"about":[{"href":"https:\/\/kavial.ee\/et\/wp-json\/wp\/v2\/types\/page"}],"author":[{"embeddable":true,"href":"https:\/\/kavial.ee\/et\/wp-json\/wp\/v2\/users\/1"}],"replies":[{"embeddable":true,"href":"https:\/\/kavial.ee\/et\/wp-json\/wp\/v2\/comments?post=141949"}],"version-history":[{"count":0,"href":"https:\/\/kavial.ee\/et\/wp-json\/wp\/v2\/pages\/141949\/revisions"}],"wp:attachment":[{"href":"https:\/\/kavial.ee\/et\/wp-json\/wp\/v2\/media?parent=141949"}],"curies":[{"name":"wp","href":"https:\/\/api.w.org\/{rel}","templated":true}]}}