{"id":80459,"date":"2023-07-24T17:42:07","date_gmt":"2023-07-24T14:42:07","guid":{"rendered":"https:\/\/kavial.ee\/www\/?page_id=80459"},"modified":"2025-01-08T23:17:42","modified_gmt":"2025-01-08T21:17:42","slug":"company","status":"publish","type":"page","link":"https:\/\/kavial.ee\/et\/company\/","title":{"rendered":"Ettev\u00f5ttest"},"content":{"rendered":"\n<h1 class=\"wp-block-heading\">Kavial<\/h1>\n\n\n\n<p style=\"font-size:16px\">Kavial osa\u00fching oli asutatud 19. mail 1994 aastal Tallinnas.<\/p>\n\n\n\n<p style=\"font-size:16px\">Oma tegevusaja jooksul meie ettev\u00f5te t\u00f5usis Baltimaade juhtivate masinaelementide tarnijate hulka ning p\u00e4lvis partnerite ja klientide seas head mainet. Selleks, et saada parimaks tarnijaks, j\u00e4lgivad meie spetsialistid pidevalt turutendentse, osalevad rahvusvahelistel n\u00e4itustel ja seminaridel, parendavad teenindusmeetodeid, t\u00f5stavad professionaalset taset ning vahetavad kogemusi v\u00e4lismaiste partneritega. <\/p>\n\n\n\n<p style=\"font-size:16px\">Oleme osav\u00f5tjad sellistes \u00fchingutes nagu Euroopa J\u00f5\u00fclekannete Edasim\u00fc\u00fcjate Liit EPTDA, WBA Rahvusvaheline v\u00f5ltslaagrite vastane kampaania, ning laagrite edasim\u00fc\u00fcjate v\u00f5rk BearingNet. Ettev\u00f5te on Eesti Kaubandus- ja T\u00f6\u00f6stuskoja liige.<\/p>\n\n\n\n<div class=\"wp-block-columns are-vertically-aligned-center is-layout-flex wp-container-core-columns-is-layout-28f84493 wp-block-columns-is-layout-flex\">\n<div class=\"wp-block-column is-vertically-aligned-center is-layout-flow wp-block-column-is-layout-flow\">\n<p class=\"has-text-align-left\"><a href=\"https:\/\/www.bearingnet.net\/\" data-type=\"link\" data-id=\"https:\/\/www.bearingnet.net\/\" target=\"_blank\" rel=\"noreferrer noopener\"><img loading=\"lazy\" decoding=\"async\" width=\"200\" height=\"108\" class=\"wp-image-105771\" style=\"width: 200px;\" src=\"https:\/\/kavial.ee\/www\/wp-content\/uploads\/bdg-bearingnetmember.png\" alt=\"\" title=\"\" srcset=\"https:\/\/kavial.ee\/www\/wp-content\/uploads\/bdg-bearingnetmember.png 520w, https:\/\/kavial.ee\/www\/wp-content\/uploads\/bdg-bearingnetmember-416x224.png 416w, https:\/\/kavial.ee\/www\/wp-content\/uploads\/bdg-bearingnetmember-64x34.png 64w, https:\/\/kavial.ee\/www\/wp-content\/uploads\/bdg-bearingnetmember-18x10.png 18w\" sizes=\"auto, (max-width: 200px) 100vw, 200px\" \/><\/a><\/p>\n<\/div>\n\n\n\n<div class=\"wp-block-column is-vertically-aligned-center is-layout-flow wp-block-column-is-layout-flow\">\n<p class=\"has-text-align-left\"><a href=\"https:\/\/www.eptda.org\/\" target=\"_blank\" rel=\"noreferrer noopener\"><img loading=\"lazy\" decoding=\"async\" width=\"200\" height=\"108\" class=\"wp-image-80445\" style=\"width: 200px;\" src=\"https:\/\/kavial.ee\/www\/wp-content\/uploads\/bdg-eptda.png\" alt=\"\" title=\"\" srcset=\"https:\/\/kavial.ee\/www\/wp-content\/uploads\/bdg-eptda.png 520w, https:\/\/kavial.ee\/www\/wp-content\/uploads\/bdg-eptda-416x224.png 416w, https:\/\/kavial.ee\/www\/wp-content\/uploads\/bdg-eptda-64x34.png 64w\" sizes=\"auto, (max-width: 200px) 100vw, 200px\" \/><\/a><\/p>\n<\/div>\n\n\n\n<div class=\"wp-block-column is-vertically-aligned-center is-layout-flow wp-block-column-is-layout-flow\">\n<p class=\"has-text-align-left\"><a href=\"https:\/\/www.stopfakebearings.com\/\" target=\"_blank\" rel=\"noreferrer noopener\"><img loading=\"lazy\" decoding=\"async\" width=\"200\" height=\"108\" class=\"wp-image-80444\" style=\"width: 200px;\" src=\"https:\/\/kavial.ee\/www\/wp-content\/uploads\/bdg-wba.png\" alt=\"\" title=\"\" srcset=\"https:\/\/kavial.ee\/www\/wp-content\/uploads\/bdg-wba.png 520w, https:\/\/kavial.ee\/www\/wp-content\/uploads\/bdg-wba-416x224.png 416w, https:\/\/kavial.ee\/www\/wp-content\/uploads\/bdg-wba-64x34.png 64w\" sizes=\"auto, (max-width: 200px) 100vw, 200px\" \/><\/a><\/p>\n<\/div>\n\n\n\n<div class=\"wp-block-column is-vertically-aligned-center is-layout-flow wp-block-column-is-layout-flow\">\n<p class=\"has-text-align-left\"><a href=\"https:\/\/www.koda.ee\/et\/node\/2999\" target=\"_blank\" rel=\"noreferrer noopener\"><img loading=\"lazy\" decoding=\"async\" width=\"250\" height=\"107\" class=\"wp-image-80443\" style=\"width: 250px;\" src=\"https:\/\/kavial.ee\/www\/wp-content\/uploads\/KODA_liige_EST_logo_horiz.png\" alt=\"\" title=\"\" srcset=\"https:\/\/kavial.ee\/www\/wp-content\/uploads\/KODA_liige_EST_logo_horiz.png 1654w, https:\/\/kavial.ee\/www\/wp-content\/uploads\/KODA_liige_EST_logo_horiz-416x178.png 416w, https:\/\/kavial.ee\/www\/wp-content\/uploads\/KODA_liige_EST_logo_horiz-64x27.png 64w\" sizes=\"auto, (max-width: 250px) 100vw, 250px\" \/><\/a><\/p>\n<\/div>\n<\/div>\n\n\n\n<p style=\"font-size:16px\">T\u00e4nu ajamitehnika valdkonna kogenud t\u00f6\u00f6tajaskonnale saame pakkuda usaldusv\u00e4\u00e4rset hankijat ja kvalifitseeritud spetsialistide meeskonda, kompleksseid tehnilisi ja hooldusteenuseid valmistajatehastelt, infot uute arenduste kohta maailma juhtivatelt tootjatelt.<\/p>\n\n\n\n<p style=\"font-size:16px\">Meie sortimendis on kuulsamad ja usaldatavad br\u00e4ndid. K\u00f5ik m\u00fc\u00fcdavad tooted on sertifitseeritud, mis tagab k\u00f5rget kvaliteeti ning v\u00e4listab odavaid v\u00f5ltsinguid. Ruumikas ladu &#8211; \u00fcle 50 tuhande toote &#8211; v\u00f5imaldab pakkuda ostjatele hea hinna ja kvaliteedi suhe. <\/p>\n","protected":false},"excerpt":{"rendered":"<p>Kavial Kavial osa\u00fching oli asutatud 19. mail 1994 aastal Tallinnas. Oma tegevusaja jooksul meie ettev\u00f5te t\u00f5usis Baltimaade juhtivate masinaelementide tarnijate hulka ning p\u00e4lvis partnerite ja klientide seas head mainet. Selleks, et saada parimaks tarnijaks, j\u00e4lgivad meie spetsialistid pidevalt turutendentse, osalevad rahvusvahelistel n\u00e4itustel ja seminaridel, parendavad teenindusmeetodeid, t\u00f5stavad professionaalset taset ning vahetavad kogemusi v\u00e4lismaiste partneritega. Oleme [&hellip;]<\/p>\n","protected":false},"author":1,"featured_media":0,"parent":0,"menu_order":10,"comment_status":"closed","ping_status":"closed","template":"","meta":{"footnotes":""},"class_list":["post-80459","page","type-page","status-publish","hentry"],"_links":{"self":[{"href":"https:\/\/kavial.ee\/et\/wp-json\/wp\/v2\/pages\/80459","targetHints":{"allow":["GET"]}}],"collection":[{"href":"https:\/\/kavial.ee\/et\/wp-json\/wp\/v2\/pages"}],"about":[{"href":"https:\/\/kavial.ee\/et\/wp-json\/wp\/v2\/types\/page"}],"author":[{"embeddable":true,"href":"https:\/\/kavial.ee\/et\/wp-json\/wp\/v2\/users\/1"}],"replies":[{"embeddable":true,"href":"https:\/\/kavial.ee\/et\/wp-json\/wp\/v2\/comments?post=80459"}],"version-history":[{"count":0,"href":"https:\/\/kavial.ee\/et\/wp-json\/wp\/v2\/pages\/80459\/revisions"}],"wp:attachment":[{"href":"https:\/\/kavial.ee\/et\/wp-json\/wp\/v2\/media?parent=80459"}],"curies":[{"name":"wp","href":"https:\/\/api.w.org\/{rel}","templated":true}]}}