{"id":80461,"date":"2023-07-24T17:42:55","date_gmt":"2023-07-24T14:42:55","guid":{"rendered":"https:\/\/kavial.ee\/www\/?page_id=80461"},"modified":"2026-01-28T04:06:36","modified_gmt":"2026-01-28T02:06:36","slug":"contact","status":"publish","type":"page","link":"https:\/\/kavial.ee\/et\/contact\/","title":{"rendered":"Kontakt"},"content":{"rendered":"\n<div class=\"wp-block-columns is-layout-flex wp-container-core-columns-is-layout-28f84493 wp-block-columns-is-layout-flex\">\n<div class=\"wp-block-column is-vertically-aligned-top is-layout-flow wp-block-column-is-layout-flow\" style=\"flex-basis:50%\">\n<h2 class=\"wp-block-heading\">Peakontor, Tallinna esindus<\/h2>\n\n\n\n<p style=\"font-size:16px\">Pealadu, klienditeenindussaal, Lineaarkeskus, logistikaosakond, raamatupidamisosakond, veebipood<\/p>\n\n\n\n<p style=\"font-size:16px\">Aadress:<br>J. Smuuli tee 42 \/ Vesse 3<br>11415, Tallinn, Eesti Vabariik<\/p>\n\n\n\n<p style=\"font-size:16px\">Lahtiolekuajad:<br>E-R 08:30-17:00<br>L-P Suletud<\/p>\n\n\n\n<p style=\"font-size:16px\">Klienditugi:<br>Telefon: <a class=\"rank-math-link\" href=\"tel:+3726205081\">+372 6205081<\/a><br>Telefon: <a class=\"rank-math-link\" href=\"tel:+3725123657\" target=\"_blank\" rel=\"noreferrer noopener\">+372 5123657<\/a><br>E-post: <a href=\"mailto:info@kavial.ee\" target=\"_blank\" rel=\"noreferrer noopener\">info@kavial.ee<\/a><\/p>\n<\/div>\n\n\n\n<div class=\"wp-block-column is-vertically-aligned-top is-layout-flow wp-block-column-is-layout-flow\" style=\"flex-basis:50%\">\n<h2 class=\"wp-block-heading\">J\u00f5hvi osakond, Ida-Virumaa esindus<\/h2>\n\n\n\n<p style=\"font-size:16px\">Kirde- ja Ida-Eesti klienditugi, vaheladu<\/p>\n\n\n\n<p style=\"font-size:16px\">Aadress:<br>Linda 15f<br>41536, J\u00f5hvi, Eesti Vabariik<\/p>\n\n\n\n<p style=\"font-size:16px\">Lahtiolekuajad:<br>E-R 08:00-16:30<br>L-P Suletud<\/p>\n\n\n\n<p style=\"font-size:16px\">Klienditugi:<br>Telefon:  <a class=\"rank-math-link\" href=\"tel:+3723353332\">+372 3353332<\/a>  <br>E-post: <a href=\"mailto:johvi@kavial.ee\" target=\"_blank\" rel=\"noreferrer noopener\">johvi@kavial.ee<\/a>  <\/p>\n<\/div>\n<\/div>\n\n\n\n<div class=\"wp-block-columns are-vertically-aligned-top is-layout-flex wp-container-core-columns-is-layout-28f84493 wp-block-columns-is-layout-flex\">\n<div class=\"wp-block-column is-vertically-aligned-top is-layout-flow wp-block-column-is-layout-flow\" style=\"flex-basis:50%\">\n<iframe src=\"https:\/\/www.google.com\/maps\/embed?pb=!1m14!1m8!1m3!1d8117.554087691612!2d24.8366128!3d59.4265945!3m2!1i1024!2i768!4f13.1!3m3!1m2!1s0x0%3A0x7392f76e8e651d52!2sKavial%20O%C3%9C!5e0!3m2!1set!2see!4v1641903872182!5m2!1set!2see\" width=\"100%\" height=\"400\" style=\"border:0;\" allowfullscreen=\"\" loading=\"lazy\"><\/iframe>\n<\/div>\n\n\n\n<div class=\"wp-block-column is-vertically-aligned-top is-layout-flow wp-block-column-is-layout-flow\" style=\"flex-basis:50%\">\n<iframe src=\"https:\/\/www.google.com\/maps\/embed?pb=!1m18!1m12!1m3!1d2033.1560462670946!2d27.429232816193977!3d59.36373451530546!2m3!1f0!2f0!3f0!3m2!1i1024!2i768!4f13.1!3m3!1m2!1s0x46946f83a200883b%3A0xb25b5a95730857!2sKavial%20J%C3%B5hvi%20osakond!5e0!3m2!1set!2see!4v1641903929346!5m2!1set!2see\" width=\"100%\" height=\"400\" style=\"border:0;\" allowfullscreen=\"\" loading=\"lazy\"><\/iframe>\n<\/div>\n<\/div>\n\n\n\n<figure class=\"wp-block-gallery aligncenter has-nested-images columns-4 is-cropped wp-block-gallery-1 is-layout-flex wp-block-gallery-is-layout-flex\">\n<figure data-wp-context=\"{&quot;imageId&quot;:&quot;69dfbffdb0490&quot;}\" data-wp-interactive=\"core\/image\" data-wp-key=\"69dfbffdb0490\" class=\"wp-block-image size-large wp-lightbox-container\"><img loading=\"lazy\" decoding=\"async\" width=\"2560\" height=\"1897\" data-wp-class--hide=\"state.isContentHidden\" data-wp-class--show=\"state.isContentVisible\" data-wp-init=\"callbacks.setButtonStyles\" data-wp-on--click=\"actions.showLightbox\" data-wp-on--load=\"callbacks.setButtonStyles\" data-wp-on-window--resize=\"callbacks.setButtonStyles\" data-id=\"80754\" src=\"https:\/\/kavial.ee\/www\/wp-content\/uploads\/post-feat-img-kavial-new-office.jpg\" alt=\"\" class=\"wp-image-80754\" title=\"\" srcset=\"https:\/\/kavial.ee\/www\/wp-content\/uploads\/post-feat-img-kavial-new-office.jpg 2560w, https:\/\/kavial.ee\/www\/wp-content\/uploads\/post-feat-img-kavial-new-office-416x308.jpg 416w, https:\/\/kavial.ee\/www\/wp-content\/uploads\/post-feat-img-kavial-new-office-64x47.jpg 64w\" sizes=\"auto, (max-width: 2560px) 100vw, 2560px\" \/><button\n\t\t\tclass=\"lightbox-trigger\"\n\t\t\ttype=\"button\"\n\t\t\taria-haspopup=\"dialog\"\n\t\t\taria-label=\"Enlarge\"\n\t\t\tdata-wp-init=\"callbacks.initTriggerButton\"\n\t\t\tdata-wp-on--click=\"actions.showLightbox\"\n\t\t\tdata-wp-style--right=\"state.imageButtonRight\"\n\t\t\tdata-wp-style--top=\"state.imageButtonTop\"\n\t\t>\n\t\t\t<svg xmlns=\"http:\/\/www.w3.org\/2000\/svg\" width=\"12\" height=\"12\" fill=\"none\" viewBox=\"0 0 12 12\">\n\t\t\t\t<path fill=\"#fff\" d=\"M2 0a2 2 0 0 0-2 2v2h1.5V2a.5.5 0 0 1 .5-.5h2V0H2Zm2 10.5H2a.5.5 0 0 1-.5-.5V8H0v2a2 2 0 0 0 2 2h2v-1.5ZM8 12v-1.5h2a.5.5 0 0 0 .5-.5V8H12v2a2 2 0 0 1-2 2H8Zm2-12a2 2 0 0 1 2 2v2h-1.5V2a.5.5 0 0 0-.5-.5H8V0h2Z\" \/>\n\t\t\t<\/svg>\n\t\t<\/button><figcaption class=\"wp-element-caption\">Meie naabriteks on Teval Elektroonika O\u00dc ja Plaadimehed O\u00dc esindused, mis asuvad samas hoones, k\u00f5rvalruumides.<\/figcaption><\/figure>\n\n\n\n<figure data-wp-context=\"{&quot;imageId&quot;:&quot;69dfbffdb078d&quot;}\" data-wp-interactive=\"core\/image\" data-wp-key=\"69dfbffdb078d\" class=\"wp-block-image size-large wp-lightbox-container\"><img loading=\"lazy\" decoding=\"async\" width=\"2011\" height=\"2012\" data-wp-class--hide=\"state.isContentHidden\" data-wp-class--show=\"state.isContentVisible\" data-wp-init=\"callbacks.setButtonStyles\" data-wp-on--click=\"actions.showLightbox\" data-wp-on--load=\"callbacks.setButtonStyles\" data-wp-on-window--resize=\"callbacks.setButtonStyles\" data-id=\"111233\" src=\"https:\/\/kavial.ee\/www\/wp-content\/uploads\/post-feat-img-kavial-vesse3-ladu1-1.jpg\" alt=\"\" class=\"wp-image-111233\" title=\"\" srcset=\"https:\/\/kavial.ee\/www\/wp-content\/uploads\/post-feat-img-kavial-vesse3-ladu1-1.jpg 2011w, https:\/\/kavial.ee\/www\/wp-content\/uploads\/post-feat-img-kavial-vesse3-ladu1-1-324x324.jpg 324w, https:\/\/kavial.ee\/www\/wp-content\/uploads\/post-feat-img-kavial-vesse3-ladu1-1-100x100.jpg 100w, https:\/\/kavial.ee\/www\/wp-content\/uploads\/post-feat-img-kavial-vesse3-ladu1-1-416x416.jpg 416w, https:\/\/kavial.ee\/www\/wp-content\/uploads\/post-feat-img-kavial-vesse3-ladu1-1-64x64.jpg 64w, https:\/\/kavial.ee\/www\/wp-content\/uploads\/post-feat-img-kavial-vesse3-ladu1-1-12x12.jpg 12w\" sizes=\"auto, (max-width: 2011px) 100vw, 2011px\" \/><button\n\t\t\tclass=\"lightbox-trigger\"\n\t\t\ttype=\"button\"\n\t\t\taria-haspopup=\"dialog\"\n\t\t\taria-label=\"Enlarge\"\n\t\t\tdata-wp-init=\"callbacks.initTriggerButton\"\n\t\t\tdata-wp-on--click=\"actions.showLightbox\"\n\t\t\tdata-wp-style--right=\"state.imageButtonRight\"\n\t\t\tdata-wp-style--top=\"state.imageButtonTop\"\n\t\t>\n\t\t\t<svg xmlns=\"http:\/\/www.w3.org\/2000\/svg\" width=\"12\" height=\"12\" fill=\"none\" viewBox=\"0 0 12 12\">\n\t\t\t\t<path fill=\"#fff\" d=\"M2 0a2 2 0 0 0-2 2v2h1.5V2a.5.5 0 0 1 .5-.5h2V0H2Zm2 10.5H2a.5.5 0 0 1-.5-.5V8H0v2a2 2 0 0 0 2 2h2v-1.5ZM8 12v-1.5h2a.5.5 0 0 0 .5-.5V8H12v2a2 2 0 0 1-2 2H8Zm2-12a2 2 0 0 1 2 2v2h-1.5V2a.5.5 0 0 0-.5-.5H8V0h2Z\" \/>\n\t\t\t<\/svg>\n\t\t<\/button><figcaption class=\"wp-element-caption\">Suuremahuliste kaupade (aluste, kastide) v\u00e4ljastamine\/laadimine toimub hoone taga asuval laadimisalal, Hiteh Autokeskuse hoovis\/parklas; v\u00e4ravad LADU 1<\/figcaption><\/figure>\n\n\n\n<figure data-wp-context=\"{&quot;imageId&quot;:&quot;69dfbffdb096a&quot;}\" data-wp-interactive=\"core\/image\" data-wp-key=\"69dfbffdb096a\" class=\"wp-block-image size-large wp-lightbox-container\"><img loading=\"lazy\" decoding=\"async\" width=\"1491\" height=\"1492\" data-wp-class--hide=\"state.isContentHidden\" data-wp-class--show=\"state.isContentVisible\" data-wp-init=\"callbacks.setButtonStyles\" data-wp-on--click=\"actions.showLightbox\" data-wp-on--load=\"callbacks.setButtonStyles\" data-wp-on-window--resize=\"callbacks.setButtonStyles\" data-id=\"111232\" src=\"https:\/\/kavial.ee\/www\/wp-content\/uploads\/post-feat-img-kavial-vesse3-ladu2-1.jpg\" alt=\"\" class=\"wp-image-111232\" title=\"\" srcset=\"https:\/\/kavial.ee\/www\/wp-content\/uploads\/post-feat-img-kavial-vesse3-ladu2-1.jpg 1491w, https:\/\/kavial.ee\/www\/wp-content\/uploads\/post-feat-img-kavial-vesse3-ladu2-1-324x324.jpg 324w, https:\/\/kavial.ee\/www\/wp-content\/uploads\/post-feat-img-kavial-vesse3-ladu2-1-100x100.jpg 100w, https:\/\/kavial.ee\/www\/wp-content\/uploads\/post-feat-img-kavial-vesse3-ladu2-1-416x416.jpg 416w, https:\/\/kavial.ee\/www\/wp-content\/uploads\/post-feat-img-kavial-vesse3-ladu2-1-64x64.jpg 64w, https:\/\/kavial.ee\/www\/wp-content\/uploads\/post-feat-img-kavial-vesse3-ladu2-1-12x12.jpg 12w\" sizes=\"auto, (max-width: 1491px) 100vw, 1491px\" \/><button\n\t\t\tclass=\"lightbox-trigger\"\n\t\t\ttype=\"button\"\n\t\t\taria-haspopup=\"dialog\"\n\t\t\taria-label=\"Enlarge\"\n\t\t\tdata-wp-init=\"callbacks.initTriggerButton\"\n\t\t\tdata-wp-on--click=\"actions.showLightbox\"\n\t\t\tdata-wp-style--right=\"state.imageButtonRight\"\n\t\t\tdata-wp-style--top=\"state.imageButtonTop\"\n\t\t>\n\t\t\t<svg xmlns=\"http:\/\/www.w3.org\/2000\/svg\" width=\"12\" height=\"12\" fill=\"none\" viewBox=\"0 0 12 12\">\n\t\t\t\t<path fill=\"#fff\" d=\"M2 0a2 2 0 0 0-2 2v2h1.5V2a.5.5 0 0 1 .5-.5h2V0H2Zm2 10.5H2a.5.5 0 0 1-.5-.5V8H0v2a2 2 0 0 0 2 2h2v-1.5ZM8 12v-1.5h2a.5.5 0 0 0 .5-.5V8H12v2a2 2 0 0 1-2 2H8Zm2-12a2 2 0 0 1 2 2v2h-1.5V2a.5.5 0 0 0-.5-.5H8V0h2Z\" \/>\n\t\t\t<\/svg>\n\t\t<\/button><figcaption class=\"wp-element-caption\">Pikkade kastide (\u00fcle 3m) maha-\/\u00fcleslaadimine toimub lineaarkoja laadimisalal; v\u00e4ravad LADU 2<\/figcaption><\/figure>\n\n\n\n<figure data-wp-context=\"{&quot;imageId&quot;:&quot;69dfbffdb0b55&quot;}\" data-wp-interactive=\"core\/image\" data-wp-key=\"69dfbffdb0b55\" class=\"wp-block-image size-large wp-lightbox-container\"><img loading=\"lazy\" decoding=\"async\" width=\"1502\" height=\"2124\" data-wp-class--hide=\"state.isContentHidden\" data-wp-class--show=\"state.isContentVisible\" data-wp-init=\"callbacks.setButtonStyles\" data-wp-on--click=\"actions.showLightbox\" data-wp-on--load=\"callbacks.setButtonStyles\" data-wp-on-window--resize=\"callbacks.setButtonStyles\" data-id=\"150258\" src=\"https:\/\/kavial.ee\/www\/wp-content\/uploads\/kavial-kontor-ladu-1-2-kaart-1.png\" alt=\"\" class=\"wp-image-150258\" title=\"\" srcset=\"https:\/\/kavial.ee\/www\/wp-content\/uploads\/kavial-kontor-ladu-1-2-kaart-1.png 1502w, https:\/\/kavial.ee\/www\/wp-content\/uploads\/kavial-kontor-ladu-1-2-kaart-1-416x588.png 416w, https:\/\/kavial.ee\/www\/wp-content\/uploads\/kavial-kontor-ladu-1-2-kaart-1-64x91.png 64w, https:\/\/kavial.ee\/www\/wp-content\/uploads\/kavial-kontor-ladu-1-2-kaart-1-8x12.png 8w\" sizes=\"auto, (max-width: 1502px) 100vw, 1502px\" \/><button\n\t\t\tclass=\"lightbox-trigger\"\n\t\t\ttype=\"button\"\n\t\t\taria-haspopup=\"dialog\"\n\t\t\taria-label=\"Enlarge\"\n\t\t\tdata-wp-init=\"callbacks.initTriggerButton\"\n\t\t\tdata-wp-on--click=\"actions.showLightbox\"\n\t\t\tdata-wp-style--right=\"state.imageButtonRight\"\n\t\t\tdata-wp-style--top=\"state.imageButtonTop\"\n\t\t>\n\t\t\t<svg xmlns=\"http:\/\/www.w3.org\/2000\/svg\" width=\"12\" height=\"12\" fill=\"none\" viewBox=\"0 0 12 12\">\n\t\t\t\t<path fill=\"#fff\" d=\"M2 0a2 2 0 0 0-2 2v2h1.5V2a.5.5 0 0 1 .5-.5h2V0H2Zm2 10.5H2a.5.5 0 0 1-.5-.5V8H0v2a2 2 0 0 0 2 2h2v-1.5ZM8 12v-1.5h2a.5.5 0 0 0 .5-.5V8H12v2a2 2 0 0 1-2 2H8Zm2-12a2 2 0 0 1 2 2v2h-1.5V2a.5.5 0 0 0-.5-.5H8V0h2Z\" \/>\n\t\t\t<\/svg>\n\t\t<\/button><figcaption class=\"wp-element-caption\">Juurdep\u00e4\u00e4suteed Vesse ja J. Smuuli t\u00e4navatelt<\/figcaption><\/figure>\n<\/figure>\n\n\n\n<p class=\"has-text-align-center has-white-color has-cyan-bluish-gray-background-color has-text-color has-background has-link-color has-small-font-size wp-elements-a0357591fe4ca5296b54f70d3f898dea\">NB! M\u00f5lemad osakonnad on suletud riigip\u00fchadel: 1. jaanuaril; 24. veebruaril; Suur reedel; 1. mail; 23. ja 24. juunil; 20. augustil ning 24., 25. ja 26. detsembril.<br>L\u00fchendatud t\u00f6\u00f6p\u00e4evad 23. veebruaril; 22. juunil; 23. ja 31. detsembril.<\/p>\n","protected":false},"excerpt":{"rendered":"<p>Peakontor, Tallinna esindus Pealadu, klienditeenindussaal, Lineaarkeskus, logistikaosakond, raamatupidamisosakond, veebipood Aadress:J. Smuuli tee 42 \/ Vesse 311415, Tallinn, Eesti Vabariik Lahtiolekuajad:E-R 08:30-17:00L-P Suletud Klienditugi:Telefon: +372 6205081Telefon: +372 5123657E-post: info@kavial.ee J\u00f5hvi osakond, Ida-Virumaa esindus Kirde- ja Ida-Eesti klienditugi, vaheladu Aadress:Linda 15f41536, J\u00f5hvi, Eesti Vabariik Lahtiolekuajad:E-R 08:00-16:30L-P Suletud Klienditugi:Telefon: +372 3353332 E-post: johvi@kavial.ee NB! M\u00f5lemad osakonnad on suletud [&hellip;]<\/p>\n","protected":false},"author":1,"featured_media":0,"parent":0,"menu_order":13,"comment_status":"closed","ping_status":"closed","template":"","meta":{"footnotes":""},"class_list":["post-80461","page","type-page","status-publish","hentry"],"_links":{"self":[{"href":"https:\/\/kavial.ee\/et\/wp-json\/wp\/v2\/pages\/80461","targetHints":{"allow":["GET"]}}],"collection":[{"href":"https:\/\/kavial.ee\/et\/wp-json\/wp\/v2\/pages"}],"about":[{"href":"https:\/\/kavial.ee\/et\/wp-json\/wp\/v2\/types\/page"}],"author":[{"embeddable":true,"href":"https:\/\/kavial.ee\/et\/wp-json\/wp\/v2\/users\/1"}],"replies":[{"embeddable":true,"href":"https:\/\/kavial.ee\/et\/wp-json\/wp\/v2\/comments?post=80461"}],"version-history":[{"count":0,"href":"https:\/\/kavial.ee\/et\/wp-json\/wp\/v2\/pages\/80461\/revisions"}],"wp:attachment":[{"href":"https:\/\/kavial.ee\/et\/wp-json\/wp\/v2\/media?parent=80461"}],"curies":[{"name":"wp","href":"https:\/\/api.w.org\/{rel}","templated":true}]}}