{"id":102605,"date":"2023-10-12T11:56:54","date_gmt":"2023-10-12T08:56:54","guid":{"rendered":"https:\/\/kavial.ee\/et\/?post_type=product&#038;p=102605"},"modified":"2026-01-09T14:49:45","modified_gmt":"2026-01-09T12:49:45","slug":"rabrb20-52-xl-fa106","status":"publish","type":"product","link":"https:\/\/kavial.ee\/et\/webshop\/masinaelemendid\/laagrisolmed\/pukklaagrid-y-laagrid\/rabr-rcs-rcr-cesr\/rabrb20-52-xl-fa106\/","title":{"rendered":"RABRB20\/52-XL-FA106"},"content":{"rendered":"<p>Ekstsentrik-kinnitusr\u00f5ngaga RAE20NPPB pukklaager (Y-laager) v\u00e4lisv\u00f5ru kummipuksiga<br \/>\n20&#215;52,3&#215;17,6\/32,3<\/p>\n","protected":false},"excerpt":{"rendered":"<p>Ekstsentrik-kinnitusr\u00f5ngaga RAE20NPPB pukklaager (Y-laager) v\u00e4lisv\u00f5ru kummipuksiga 20&#215;52,3&#215;17,6\/32,3<\/p>\n","protected":false},"featured_media":136247,"template":"","meta":[],"product_brand":[],"product_cat":[477],"product_tag":[394],"class_list":{"0":"post-102605","1":"product","2":"type-product","3":"status-publish","4":"has-post-thumbnail","6":"product_cat-rabr-rcs-rcr-cesr","7":"product_tag-pukklaager","9":"first","10":"instock","11":"taxable","12":"shipping-taxable","13":"purchasable","14":"product-type-simple"},"_links":{"self":[{"href":"https:\/\/kavial.ee\/et\/wp-json\/wp\/v2\/product\/102605","targetHints":{"allow":["GET"]}}],"collection":[{"href":"https:\/\/kavial.ee\/et\/wp-json\/wp\/v2\/product"}],"about":[{"href":"https:\/\/kavial.ee\/et\/wp-json\/wp\/v2\/types\/product"}],"wp:featuredmedia":[{"embeddable":true,"href":"https:\/\/kavial.ee\/et\/wp-json\/wp\/v2\/media\/136247"}],"wp:attachment":[{"href":"https:\/\/kavial.ee\/et\/wp-json\/wp\/v2\/media?parent=102605"}],"wp:term":[{"taxonomy":"product_brand","embeddable":true,"href":"https:\/\/kavial.ee\/et\/wp-json\/wp\/v2\/product_brand?post=102605"},{"taxonomy":"product_cat","embeddable":true,"href":"https:\/\/kavial.ee\/et\/wp-json\/wp\/v2\/product_cat?post=102605"},{"taxonomy":"product_tag","embeddable":true,"href":"https:\/\/kavial.ee\/et\/wp-json\/wp\/v2\/product_tag?post=102605"}],"curies":[{"name":"wp","href":"https:\/\/api.w.org\/{rel}","templated":true}]}}