{"id":102606,"date":"2023-10-12T11:56:54","date_gmt":"2023-10-12T08:56:54","guid":{"rendered":"https:\/\/kavial.ee\/et\/?post_type=product&#038;p=102606"},"modified":"2026-01-09T14:49:46","modified_gmt":"2026-01-09T12:49:46","slug":"rabrb25-62-xl-fa106","status":"publish","type":"product","link":"https:\/\/kavial.ee\/et\/webshop\/masinaelemendid\/laagrisolmed\/pukklaagrid-y-laagrid\/rabr-rcs-rcr-cesr\/rabrb25-62-xl-fa106\/","title":{"rendered":"RABRB25\/62-XL-FA106"},"content":{"rendered":"<p>Ekstsentrik-kinnitusr\u00f5ngaga RAE25NPPB pukklaager (Y-laager) v\u00e4lisv\u00f5ru kummipuksiga<br \/>\n25&#215;62,2&#215;20,8\/33,9<\/p>\n","protected":false},"excerpt":{"rendered":"<p>Ekstsentrik-kinnitusr\u00f5ngaga RAE25NPPB pukklaager (Y-laager) v\u00e4lisv\u00f5ru kummipuksiga 25&#215;62,2&#215;20,8\/33,9<\/p>\n","protected":false},"featured_media":136247,"template":"","meta":[],"product_brand":[],"product_cat":[477],"product_tag":[394],"class_list":{"0":"post-102606","1":"product","2":"type-product","3":"status-publish","4":"has-post-thumbnail","6":"product_cat-rabr-rcs-rcr-cesr","7":"product_tag-pukklaager","9":"first","10":"instock","11":"taxable","12":"shipping-taxable","13":"purchasable","14":"product-type-simple"},"_links":{"self":[{"href":"https:\/\/kavial.ee\/et\/wp-json\/wp\/v2\/product\/102606","targetHints":{"allow":["GET"]}}],"collection":[{"href":"https:\/\/kavial.ee\/et\/wp-json\/wp\/v2\/product"}],"about":[{"href":"https:\/\/kavial.ee\/et\/wp-json\/wp\/v2\/types\/product"}],"wp:featuredmedia":[{"embeddable":true,"href":"https:\/\/kavial.ee\/et\/wp-json\/wp\/v2\/media\/136247"}],"wp:attachment":[{"href":"https:\/\/kavial.ee\/et\/wp-json\/wp\/v2\/media?parent=102606"}],"wp:term":[{"taxonomy":"product_brand","embeddable":true,"href":"https:\/\/kavial.ee\/et\/wp-json\/wp\/v2\/product_brand?post=102606"},{"taxonomy":"product_cat","embeddable":true,"href":"https:\/\/kavial.ee\/et\/wp-json\/wp\/v2\/product_cat?post=102606"},{"taxonomy":"product_tag","embeddable":true,"href":"https:\/\/kavial.ee\/et\/wp-json\/wp\/v2\/product_tag?post=102606"}],"curies":[{"name":"wp","href":"https:\/\/api.w.org\/{rel}","templated":true}]}}