{"id":102617,"date":"2023-10-12T11:56:53","date_gmt":"2023-10-12T08:56:53","guid":{"rendered":"https:\/\/kavial.ee\/et\/?post_type=product&#038;p=102617"},"modified":"2025-09-19T17:07:08","modified_gmt":"2025-09-19T14:07:08","slug":"rcsmf25-xl","status":"publish","type":"product","link":"https:\/\/kavial.ee\/et\/webshop\/masinaelemendid\/laagrisolmed\/pukklaagrid-pukid-laagrid\/ucfl-ucflz-ukfl-safd-ufl\/rcsmf25-xl\/","title":{"rendered":"RCSMF25-XL"},"content":{"rendered":"<p>RCSMF25-XL pukklaager (laagris\u00f5lm); FLAN65-RCSMF stantsitud \u00e4\u00e4rikuga ja kahe kinnitusavaga korpus; RAE25-XL-NPP-FA106 pukklaager (y-laager) ekstsentrik-kinnitusr\u00f5ngaga ja P-tihenditega; GRG.RCSM52\/65 v\u00e4lisv\u00f5ru kummipuks<br \/>\n25x114x27\/36,2<\/p>\n","protected":false},"excerpt":{"rendered":"<p>RCSMF25-XL pukklaager (laagris\u00f5lm); FLAN65-RCSMF stantsitud \u00e4\u00e4rikuga ja kahe kinnitusavaga korpus; RAE25-XL-NPP-FA106 pukklaager (y-laager) ekstsentrik-kinnitusr\u00f5ngaga ja P-tihenditega; GRG.RCSM52\/65 v\u00e4lisv\u00f5ru kummipuks 25x114x27\/36,2<\/p>\n","protected":false},"featured_media":136250,"template":"","meta":[],"product_brand":[],"product_cat":[501],"product_tag":[394],"class_list":{"0":"post-102617","1":"product","2":"type-product","3":"status-publish","4":"has-post-thumbnail","6":"product_cat-ucfl-ucflz-ukfl-safd-ufl","7":"product_tag-pukklaager","9":"first","10":"outofstock","11":"taxable","12":"shipping-taxable","13":"product-type-simple"},"_links":{"self":[{"href":"https:\/\/kavial.ee\/et\/wp-json\/wp\/v2\/product\/102617","targetHints":{"allow":["GET"]}}],"collection":[{"href":"https:\/\/kavial.ee\/et\/wp-json\/wp\/v2\/product"}],"about":[{"href":"https:\/\/kavial.ee\/et\/wp-json\/wp\/v2\/types\/product"}],"wp:featuredmedia":[{"embeddable":true,"href":"https:\/\/kavial.ee\/et\/wp-json\/wp\/v2\/media\/136250"}],"wp:attachment":[{"href":"https:\/\/kavial.ee\/et\/wp-json\/wp\/v2\/media?parent=102617"}],"wp:term":[{"taxonomy":"product_brand","embeddable":true,"href":"https:\/\/kavial.ee\/et\/wp-json\/wp\/v2\/product_brand?post=102617"},{"taxonomy":"product_cat","embeddable":true,"href":"https:\/\/kavial.ee\/et\/wp-json\/wp\/v2\/product_cat?post=102617"},{"taxonomy":"product_tag","embeddable":true,"href":"https:\/\/kavial.ee\/et\/wp-json\/wp\/v2\/product_tag?post=102617"}],"curies":[{"name":"wp","href":"https:\/\/api.w.org\/{rel}","templated":true}]}}