{"id":105215,"date":"2023-10-20T10:59:00","date_gmt":"2023-10-20T07:59:00","guid":{"rendered":"https:\/\/kavial.ee\/et\/?post_type=product&#038;p=105215"},"modified":"2026-03-03T17:15:19","modified_gmt":"2026-03-03T15:15:19","slug":"luber-ready-food-125ml","status":"publish","type":"product","link":"https:\/\/kavial.ee\/et\/webshop\/hooldusseadmed\/maardesusteemid\/automaatmaarijad\/luber-ready-food-125ml\/","title":{"rendered":"Luber Ready Food 125ml"},"content":{"rendered":"<p>Elektrokeemiline automaatm\u00e4\u00e4rija LUB FOOD m\u00e4\u00e4rega<br \/>\n125ml<\/p>\n","protected":false},"excerpt":{"rendered":"<p>Elektrokeemiline automaatm\u00e4\u00e4rija LUB FOOD m\u00e4\u00e4rega 125ml<\/p>\n","protected":false},"featured_media":155396,"template":"","meta":[],"product_brand":[],"product_cat":[1061],"product_tag":[524],"class_list":{"0":"post-105215","1":"product","2":"type-product","3":"status-publish","4":"has-post-thumbnail","6":"product_cat-automaatmaarijad","7":"product_tag-automaatmaarija","9":"first","10":"instock","11":"taxable","12":"shipping-taxable","13":"purchasable","14":"product-type-simple"},"_links":{"self":[{"href":"https:\/\/kavial.ee\/et\/wp-json\/wp\/v2\/product\/105215","targetHints":{"allow":["GET"]}}],"collection":[{"href":"https:\/\/kavial.ee\/et\/wp-json\/wp\/v2\/product"}],"about":[{"href":"https:\/\/kavial.ee\/et\/wp-json\/wp\/v2\/types\/product"}],"wp:featuredmedia":[{"embeddable":true,"href":"https:\/\/kavial.ee\/et\/wp-json\/wp\/v2\/media\/155396"}],"wp:attachment":[{"href":"https:\/\/kavial.ee\/et\/wp-json\/wp\/v2\/media?parent=105215"}],"wp:term":[{"taxonomy":"product_brand","embeddable":true,"href":"https:\/\/kavial.ee\/et\/wp-json\/wp\/v2\/product_brand?post=105215"},{"taxonomy":"product_cat","embeddable":true,"href":"https:\/\/kavial.ee\/et\/wp-json\/wp\/v2\/product_cat?post=105215"},{"taxonomy":"product_tag","embeddable":true,"href":"https:\/\/kavial.ee\/et\/wp-json\/wp\/v2\/product_tag?post=105215"}],"curies":[{"name":"wp","href":"https:\/\/api.w.org\/{rel}","templated":true}]}}