{"id":105237,"date":"2023-10-20T10:59:07","date_gmt":"2023-10-20T07:59:07","guid":{"rendered":"https:\/\/kavial.ee\/et\/?post_type=product&#038;p=105237"},"modified":"2026-02-05T13:20:25","modified_gmt":"2026-02-05T11:20:25","slug":"lghp2-mr380","status":"publish","type":"product","link":"https:\/\/kavial.ee\/et\/webshop\/hooldusseadmed\/maardesusteemid\/automaatmaarijad\/lghp2-mr380\/","title":{"rendered":"LGHP2\/MR380"},"content":{"rendered":"<p>LGHP2 m\u00e4\u00e4rega TLMR dispenser-m\u00e4\u00e4rija kassett<br \/>\n380ml<\/p>\n","protected":false},"excerpt":{"rendered":"<p>LGHP2 m\u00e4\u00e4rega TLMR dispenser-m\u00e4\u00e4rija kassett 380ml<\/p>\n","protected":false},"featured_media":155398,"template":"","meta":[],"product_brand":[],"product_cat":[1061],"product_tag":[524],"class_list":{"0":"post-105237","1":"product","2":"type-product","3":"status-publish","4":"has-post-thumbnail","6":"product_cat-automaatmaarijad","7":"product_tag-automaatmaarija","9":"first","10":"instock","11":"taxable","12":"shipping-taxable","13":"purchasable","14":"product-type-simple"},"_links":{"self":[{"href":"https:\/\/kavial.ee\/et\/wp-json\/wp\/v2\/product\/105237","targetHints":{"allow":["GET"]}}],"collection":[{"href":"https:\/\/kavial.ee\/et\/wp-json\/wp\/v2\/product"}],"about":[{"href":"https:\/\/kavial.ee\/et\/wp-json\/wp\/v2\/types\/product"}],"wp:featuredmedia":[{"embeddable":true,"href":"https:\/\/kavial.ee\/et\/wp-json\/wp\/v2\/media\/155398"}],"wp:attachment":[{"href":"https:\/\/kavial.ee\/et\/wp-json\/wp\/v2\/media?parent=105237"}],"wp:term":[{"taxonomy":"product_brand","embeddable":true,"href":"https:\/\/kavial.ee\/et\/wp-json\/wp\/v2\/product_brand?post=105237"},{"taxonomy":"product_cat","embeddable":true,"href":"https:\/\/kavial.ee\/et\/wp-json\/wp\/v2\/product_cat?post=105237"},{"taxonomy":"product_tag","embeddable":true,"href":"https:\/\/kavial.ee\/et\/wp-json\/wp\/v2\/product_tag?post=105237"}],"curies":[{"name":"wp","href":"https:\/\/api.w.org\/{rel}","templated":true}]}}