{"id":105265,"date":"2023-10-20T11:19:30","date_gmt":"2023-10-20T08:19:30","guid":{"rendered":"https:\/\/kavial.ee\/et\/?post_type=product&#038;p=105265"},"modified":"2026-02-05T13:20:29","modified_gmt":"2026-02-05T11:20:29","slug":"arcanol-speed26-250g","status":"publish","type":"product","link":"https:\/\/kavial.ee\/et\/webshop\/hooldusseadmed\/maardesusteemid\/laagrimaarded\/arcanol-speed26-250g\/","title":{"rendered":"ARCANOL-SPEED2,6-250G"},"content":{"rendered":"<p>Konsistentne m\u00e4\u00e4re; eriti k\u00f5rge p\u00f6\u00f6rlemissagedusega kasutustingimused; kasutustemeperatuur -30\u00b0C +120\u00b0C; pol\u00fckarbamiid paksendaja; pakend: tuub<br \/>\n250g<\/p>\n","protected":false},"excerpt":{"rendered":"<p>Konsistentne m\u00e4\u00e4re; eriti k\u00f5rge p\u00f6\u00f6rlemissagedusega kasutustingimused; kasutustemeperatuur -30\u00b0C +120\u00b0C; pol\u00fckarbamiid paksendaja; pakend: tuub 250g<\/p>\n","protected":false},"featured_media":155367,"template":"","meta":[],"product_brand":[],"product_cat":[984],"product_tag":[523],"class_list":{"0":"post-105265","1":"product","2":"type-product","3":"status-publish","4":"has-post-thumbnail","6":"product_cat-laagrimaarded","7":"product_tag-maare","9":"first","10":"instock","11":"taxable","12":"shipping-taxable","13":"purchasable","14":"product-type-simple"},"_links":{"self":[{"href":"https:\/\/kavial.ee\/et\/wp-json\/wp\/v2\/product\/105265","targetHints":{"allow":["GET"]}}],"collection":[{"href":"https:\/\/kavial.ee\/et\/wp-json\/wp\/v2\/product"}],"about":[{"href":"https:\/\/kavial.ee\/et\/wp-json\/wp\/v2\/types\/product"}],"wp:featuredmedia":[{"embeddable":true,"href":"https:\/\/kavial.ee\/et\/wp-json\/wp\/v2\/media\/155367"}],"wp:attachment":[{"href":"https:\/\/kavial.ee\/et\/wp-json\/wp\/v2\/media?parent=105265"}],"wp:term":[{"taxonomy":"product_brand","embeddable":true,"href":"https:\/\/kavial.ee\/et\/wp-json\/wp\/v2\/product_brand?post=105265"},{"taxonomy":"product_cat","embeddable":true,"href":"https:\/\/kavial.ee\/et\/wp-json\/wp\/v2\/product_cat?post=105265"},{"taxonomy":"product_tag","embeddable":true,"href":"https:\/\/kavial.ee\/et\/wp-json\/wp\/v2\/product_tag?post=105265"}],"curies":[{"name":"wp","href":"https:\/\/api.w.org\/{rel}","templated":true}]}}