{"id":105273,"date":"2023-10-20T11:19:36","date_gmt":"2023-10-20T08:19:36","guid":{"rendered":"https:\/\/kavial.ee\/et\/?post_type=product&#038;p=105273"},"modified":"2026-02-05T13:20:32","modified_gmt":"2026-02-05T11:20:32","slug":"arcanol-vib3-1kg","status":"publish","type":"product","link":"https:\/\/kavial.ee\/et\/webshop\/hooldusseadmed\/maardesusteemid\/laagrimaarded\/arcanol-vib3-1kg\/","title":{"rendered":"ARCANOL-VIB3-1KG"},"content":{"rendered":"<p>Konsistentne m\u00e4\u00e4re; k\u00f5rge koormusega, temperatuuriga ja vibratsiooniga\/v\u00f5nkumisega kasutustingimused; kasutustemeperatuur -30\u00b0C +150\u00b0C; liitium-kompleksne paksendaja; pakend: purk<br \/>\n1000g<\/p>\n","protected":false},"excerpt":{"rendered":"<p>Konsistentne m\u00e4\u00e4re; k\u00f5rge koormusega, temperatuuriga ja vibratsiooniga\/v\u00f5nkumisega kasutustingimused; kasutustemeperatuur -30\u00b0C +150\u00b0C; liitium-kompleksne paksendaja; pakend: purk 1000g<\/p>\n","protected":false},"featured_media":155373,"template":"","meta":[],"product_brand":[],"product_cat":[984],"product_tag":[523],"class_list":{"0":"post-105273","1":"product","2":"type-product","3":"status-publish","4":"has-post-thumbnail","6":"product_cat-laagrimaarded","7":"product_tag-maare","9":"first","10":"instock","11":"taxable","12":"shipping-taxable","13":"purchasable","14":"product-type-simple"},"_links":{"self":[{"href":"https:\/\/kavial.ee\/et\/wp-json\/wp\/v2\/product\/105273","targetHints":{"allow":["GET"]}}],"collection":[{"href":"https:\/\/kavial.ee\/et\/wp-json\/wp\/v2\/product"}],"about":[{"href":"https:\/\/kavial.ee\/et\/wp-json\/wp\/v2\/types\/product"}],"wp:featuredmedia":[{"embeddable":true,"href":"https:\/\/kavial.ee\/et\/wp-json\/wp\/v2\/media\/155373"}],"wp:attachment":[{"href":"https:\/\/kavial.ee\/et\/wp-json\/wp\/v2\/media?parent=105273"}],"wp:term":[{"taxonomy":"product_brand","embeddable":true,"href":"https:\/\/kavial.ee\/et\/wp-json\/wp\/v2\/product_brand?post=105273"},{"taxonomy":"product_cat","embeddable":true,"href":"https:\/\/kavial.ee\/et\/wp-json\/wp\/v2\/product_cat?post=105273"},{"taxonomy":"product_tag","embeddable":true,"href":"https:\/\/kavial.ee\/et\/wp-json\/wp\/v2\/product_tag?post=105273"}],"curies":[{"name":"wp","href":"https:\/\/api.w.org\/{rel}","templated":true}]}}