{"id":105288,"date":"2023-10-20T11:20:30","date_gmt":"2023-10-20T08:20:30","guid":{"rendered":"https:\/\/kavial.ee\/et\/?post_type=product&#038;p=105288"},"modified":"2026-02-05T13:20:36","modified_gmt":"2026-02-05T11:20:36","slug":"lgev2-04","status":"publish","type":"product","link":"https:\/\/kavial.ee\/et\/webshop\/hooldusseadmed\/maardesusteemid\/laagrimaarded\/lgev2-04\/","title":{"rendered":"LGEV2\/0,4"},"content":{"rendered":"<p>K\u00f5rge viskoossusega konsistentne m\u00e4\u00e4re disulfiid-mol\u00fcbdeeni ja grafiidi lisandiga; k\u00f5rge koormusega, vibratsiooniga ja madala p\u00f6\u00f6rlesmissagedusega kasutustingimused; kasutustemeperatuur -10\u00b0C +120\u00b0C; liitium-kaltsium paksendaja; pakend: kassett<br \/>\n400g<\/p>\n","protected":false},"excerpt":{"rendered":"<p>K\u00f5rge viskoossusega konsistentne m\u00e4\u00e4re disulfiid-mol\u00fcbdeeni ja grafiidi lisandiga; k\u00f5rge koormusega, vibratsiooniga ja madala p\u00f6\u00f6rlesmissagedusega kasutustingimused; kasutustemeperatuur -10\u00b0C +120\u00b0C; liitium-kaltsium paksendaja; pakend: kassett 400g<\/p>\n","protected":false},"featured_media":155377,"template":"","meta":[],"product_brand":[],"product_cat":[984],"product_tag":[523],"class_list":{"0":"post-105288","1":"product","2":"type-product","3":"status-publish","4":"has-post-thumbnail","6":"product_cat-laagrimaarded","7":"product_tag-maare","9":"first","10":"instock","11":"taxable","12":"shipping-taxable","13":"purchasable","14":"product-type-simple"},"_links":{"self":[{"href":"https:\/\/kavial.ee\/et\/wp-json\/wp\/v2\/product\/105288","targetHints":{"allow":["GET"]}}],"collection":[{"href":"https:\/\/kavial.ee\/et\/wp-json\/wp\/v2\/product"}],"about":[{"href":"https:\/\/kavial.ee\/et\/wp-json\/wp\/v2\/types\/product"}],"wp:featuredmedia":[{"embeddable":true,"href":"https:\/\/kavial.ee\/et\/wp-json\/wp\/v2\/media\/155377"}],"wp:attachment":[{"href":"https:\/\/kavial.ee\/et\/wp-json\/wp\/v2\/media?parent=105288"}],"wp:term":[{"taxonomy":"product_brand","embeddable":true,"href":"https:\/\/kavial.ee\/et\/wp-json\/wp\/v2\/product_brand?post=105288"},{"taxonomy":"product_cat","embeddable":true,"href":"https:\/\/kavial.ee\/et\/wp-json\/wp\/v2\/product_cat?post=105288"},{"taxonomy":"product_tag","embeddable":true,"href":"https:\/\/kavial.ee\/et\/wp-json\/wp\/v2\/product_tag?post=105288"}],"curies":[{"name":"wp","href":"https:\/\/api.w.org\/{rel}","templated":true}]}}