{"id":105295,"date":"2023-10-20T11:20:34","date_gmt":"2023-10-20T08:20:34","guid":{"rendered":"https:\/\/kavial.ee\/et\/?post_type=product&#038;p=105295"},"modified":"2026-04-01T17:08:45","modified_gmt":"2026-04-01T14:08:45","slug":"lghp2-04","status":"publish","type":"product","link":"https:\/\/kavial.ee\/et\/webshop\/hooldusseadmed\/maardesusteemid\/laagrimaarded\/lghp2-04\/","title":{"rendered":"LGHP2\/0,4"},"content":{"rendered":"<p>Mineraal\u00f5list m\u00e4\u00e4re; vee-\/korrisioonikindel; k\u00f5rge koormusega ja temperatuuriga kasutustingimused; kasutustemeperatuur -40\u00b0C +150\u00b0C; pol\u00fckarbamiid paksendaja; pakend: kassett<br \/>\n400g<\/p>\n","protected":false},"excerpt":{"rendered":"<p>Mineraal\u00f5list m\u00e4\u00e4re; vee-\/korrisioonikindel; k\u00f5rge koormusega ja temperatuuriga kasutustingimused; kasutustemeperatuur -40\u00b0C +150\u00b0C; pol\u00fckarbamiid paksendaja; pakend: kassett 400g<\/p>\n","protected":false},"featured_media":155381,"template":"","meta":[],"product_brand":[],"product_cat":[984],"product_tag":[523],"class_list":{"0":"post-105295","1":"product","2":"type-product","3":"status-publish","4":"has-post-thumbnail","6":"product_cat-laagrimaarded","7":"product_tag-maare","9":"first","10":"instock","11":"taxable","12":"shipping-taxable","13":"purchasable","14":"product-type-simple"},"_links":{"self":[{"href":"https:\/\/kavial.ee\/et\/wp-json\/wp\/v2\/product\/105295","targetHints":{"allow":["GET"]}}],"collection":[{"href":"https:\/\/kavial.ee\/et\/wp-json\/wp\/v2\/product"}],"about":[{"href":"https:\/\/kavial.ee\/et\/wp-json\/wp\/v2\/types\/product"}],"wp:featuredmedia":[{"embeddable":true,"href":"https:\/\/kavial.ee\/et\/wp-json\/wp\/v2\/media\/155381"}],"wp:attachment":[{"href":"https:\/\/kavial.ee\/et\/wp-json\/wp\/v2\/media?parent=105295"}],"wp:term":[{"taxonomy":"product_brand","embeddable":true,"href":"https:\/\/kavial.ee\/et\/wp-json\/wp\/v2\/product_brand?post=105295"},{"taxonomy":"product_cat","embeddable":true,"href":"https:\/\/kavial.ee\/et\/wp-json\/wp\/v2\/product_cat?post=105295"},{"taxonomy":"product_tag","embeddable":true,"href":"https:\/\/kavial.ee\/et\/wp-json\/wp\/v2\/product_tag?post=105295"}],"curies":[{"name":"wp","href":"https:\/\/api.w.org\/{rel}","templated":true}]}}