{"id":105302,"date":"2023-10-20T11:20:38","date_gmt":"2023-10-20T08:20:38","guid":{"rendered":"https:\/\/kavial.ee\/et\/?post_type=product&#038;p=105302"},"modified":"2026-04-08T17:12:02","modified_gmt":"2026-04-08T14:12:02","slug":"lgmt2-04","status":"publish","type":"product","link":"https:\/\/kavial.ee\/et\/webshop\/hooldusseadmed\/maardesusteemid\/laagrimaarded\/lgmt2-04\/","title":{"rendered":"LGMT2\/0,4"},"content":{"rendered":"<p>Mineraal\u00f5list \u00fcldotstarbeline m\u00e4\u00e4re; NLGI2; vee-\/korrosioonikindel; kasutustemeperatuur -30\u00b0C +120\u00b0C; liitiumseep paksendaja; pakend: kassett<br \/>\n400g<\/p>\n","protected":false},"excerpt":{"rendered":"<p>Mineraal\u00f5list \u00fcldotstarbeline m\u00e4\u00e4re; NLGI2; vee-\/korrosioonikindel; kasutustemeperatuur -30\u00b0C +120\u00b0C; liitiumseep paksendaja; pakend: kassett 400g<\/p>\n","protected":false},"featured_media":155361,"template":"","meta":[],"product_brand":[],"product_cat":[984],"product_tag":[523],"class_list":{"0":"post-105302","1":"product","2":"type-product","3":"status-publish","4":"has-post-thumbnail","6":"product_cat-laagrimaarded","7":"product_tag-maare","9":"first","10":"instock","11":"taxable","12":"shipping-taxable","13":"purchasable","14":"product-type-simple"},"_links":{"self":[{"href":"https:\/\/kavial.ee\/et\/wp-json\/wp\/v2\/product\/105302","targetHints":{"allow":["GET"]}}],"collection":[{"href":"https:\/\/kavial.ee\/et\/wp-json\/wp\/v2\/product"}],"about":[{"href":"https:\/\/kavial.ee\/et\/wp-json\/wp\/v2\/types\/product"}],"wp:featuredmedia":[{"embeddable":true,"href":"https:\/\/kavial.ee\/et\/wp-json\/wp\/v2\/media\/155361"}],"wp:attachment":[{"href":"https:\/\/kavial.ee\/et\/wp-json\/wp\/v2\/media?parent=105302"}],"wp:term":[{"taxonomy":"product_brand","embeddable":true,"href":"https:\/\/kavial.ee\/et\/wp-json\/wp\/v2\/product_brand?post=105302"},{"taxonomy":"product_cat","embeddable":true,"href":"https:\/\/kavial.ee\/et\/wp-json\/wp\/v2\/product_cat?post=105302"},{"taxonomy":"product_tag","embeddable":true,"href":"https:\/\/kavial.ee\/et\/wp-json\/wp\/v2\/product_tag?post=105302"}],"curies":[{"name":"wp","href":"https:\/\/api.w.org\/{rel}","templated":true}]}}