{"id":105317,"date":"2023-10-20T11:25:43","date_gmt":"2023-10-20T08:25:43","guid":{"rendered":"https:\/\/kavial.ee\/et\/?post_type=product&#038;p=105317"},"modified":"2026-02-05T13:20:50","modified_gmt":"2026-02-05T11:20:50","slug":"lub-food-al-grease-b1kg","status":"publish","type":"product","link":"https:\/\/kavial.ee\/et\/webshop\/hooldusseadmed\/maardesusteemid\/laagrimaarded\/lub-food-al-grease-b1kg\/","title":{"rendered":"Lub Food AL Grease\/B1kg"},"content":{"rendered":"<p>Mitmeotstarbeline m\u00e4\u00e4re; farmaatsia-, toiduaine- ja joogit\u00f6\u00f6stuis; NSF-H1 standard; t\u00f6\u00f6temperatuur -25\u00b0C kuni 120\u00b0C; alumiinium paksendaja; pakend: purk<br \/>\n1000g<\/p>\n","protected":false},"excerpt":{"rendered":"<p>Mitmeotstarbeline m\u00e4\u00e4re; farmaatsia-, toiduaine- ja joogit\u00f6\u00f6stuis; NSF-H1 standard; t\u00f6\u00f6temperatuur -25\u00b0C kuni 120\u00b0C; alumiinium paksendaja; pakend: purk 1000g<\/p>\n","protected":false},"featured_media":155347,"template":"","meta":[],"product_brand":[],"product_cat":[984],"product_tag":[523],"class_list":{"0":"post-105317","1":"product","2":"type-product","3":"status-publish","4":"has-post-thumbnail","6":"product_cat-laagrimaarded","7":"product_tag-maare","9":"first","10":"instock","11":"taxable","12":"shipping-taxable","13":"purchasable","14":"product-type-simple"},"_links":{"self":[{"href":"https:\/\/kavial.ee\/et\/wp-json\/wp\/v2\/product\/105317","targetHints":{"allow":["GET"]}}],"collection":[{"href":"https:\/\/kavial.ee\/et\/wp-json\/wp\/v2\/product"}],"about":[{"href":"https:\/\/kavial.ee\/et\/wp-json\/wp\/v2\/types\/product"}],"wp:featuredmedia":[{"embeddable":true,"href":"https:\/\/kavial.ee\/et\/wp-json\/wp\/v2\/media\/155347"}],"wp:attachment":[{"href":"https:\/\/kavial.ee\/et\/wp-json\/wp\/v2\/media?parent=105317"}],"wp:term":[{"taxonomy":"product_brand","embeddable":true,"href":"https:\/\/kavial.ee\/et\/wp-json\/wp\/v2\/product_brand?post=105317"},{"taxonomy":"product_cat","embeddable":true,"href":"https:\/\/kavial.ee\/et\/wp-json\/wp\/v2\/product_cat?post=105317"},{"taxonomy":"product_tag","embeddable":true,"href":"https:\/\/kavial.ee\/et\/wp-json\/wp\/v2\/product_tag?post=105317"}],"curies":[{"name":"wp","href":"https:\/\/api.w.org\/{rel}","templated":true}]}}