{"id":105323,"date":"2023-10-20T11:25:49","date_gmt":"2023-10-20T08:25:49","guid":{"rendered":"https:\/\/kavial.ee\/et\/?post_type=product&#038;p=105323"},"modified":"2026-04-06T17:09:37","modified_gmt":"2026-04-06T14:09:37","slug":"lub-universal-grease-c400g","status":"publish","type":"product","link":"https:\/\/kavial.ee\/et\/webshop\/hooldusseadmed\/maardesusteemid\/laagrimaarded\/lub-universal-grease-c400g\/","title":{"rendered":"Lub Universal Grease\/C400g"},"content":{"rendered":"<p>\u00dcldotstarbeline mineraal\u00f5list m\u00e4\u00e4re; t\u00f6\u00f6temperatuur -25\u00b0C kuni 140\u00b0C; liitium paksendaja; pakend: kassett<br \/>\n400g<\/p>\n","protected":false},"excerpt":{"rendered":"<p>\u00dcldotstarbeline mineraal\u00f5list m\u00e4\u00e4re; t\u00f6\u00f6temperatuur -25\u00b0C kuni 140\u00b0C; liitium paksendaja; pakend: kassett 400g<\/p>\n","protected":false},"featured_media":155351,"template":"","meta":[],"product_brand":[],"product_cat":[984],"product_tag":[523],"class_list":{"0":"post-105323","1":"product","2":"type-product","3":"status-publish","4":"has-post-thumbnail","6":"product_cat-laagrimaarded","7":"product_tag-maare","9":"first","10":"instock","11":"taxable","12":"shipping-taxable","13":"purchasable","14":"product-type-simple"},"_links":{"self":[{"href":"https:\/\/kavial.ee\/et\/wp-json\/wp\/v2\/product\/105323","targetHints":{"allow":["GET"]}}],"collection":[{"href":"https:\/\/kavial.ee\/et\/wp-json\/wp\/v2\/product"}],"about":[{"href":"https:\/\/kavial.ee\/et\/wp-json\/wp\/v2\/types\/product"}],"wp:featuredmedia":[{"embeddable":true,"href":"https:\/\/kavial.ee\/et\/wp-json\/wp\/v2\/media\/155351"}],"wp:attachment":[{"href":"https:\/\/kavial.ee\/et\/wp-json\/wp\/v2\/media?parent=105323"}],"wp:term":[{"taxonomy":"product_brand","embeddable":true,"href":"https:\/\/kavial.ee\/et\/wp-json\/wp\/v2\/product_brand?post=105323"},{"taxonomy":"product_cat","embeddable":true,"href":"https:\/\/kavial.ee\/et\/wp-json\/wp\/v2\/product_cat?post=105323"},{"taxonomy":"product_tag","embeddable":true,"href":"https:\/\/kavial.ee\/et\/wp-json\/wp\/v2\/product_tag?post=105323"}],"curies":[{"name":"wp","href":"https:\/\/api.w.org\/{rel}","templated":true}]}}