{"id":105329,"date":"2023-10-20T10:58:53","date_gmt":"2023-10-20T07:58:53","guid":{"rendered":"https:\/\/kavial.ee\/et\/?post_type=product&#038;p=105329"},"modified":"2026-04-14T17:08:39","modified_gmt":"2026-04-14T14:08:39","slug":"luber-ready-heavy-duty-125ml","status":"publish","type":"product","link":"https:\/\/kavial.ee\/et\/webshop\/hooldusseadmed\/maardesusteemid\/automaatmaarijad\/luber-ready-heavy-duty-125ml\/","title":{"rendered":"Luber Ready Heavy Duty+ 125ml"},"content":{"rendered":"<p>Elektrokeemiline automaatm\u00e4\u00e4rija LUB HEAVY DUTY+ m\u00e4\u00e4rega<br \/>\n125ml<\/p>\n","protected":false},"excerpt":{"rendered":"<p>Elektrokeemiline automaatm\u00e4\u00e4rija LUB HEAVY DUTY+ m\u00e4\u00e4rega 125ml<\/p>\n","protected":false},"featured_media":155390,"template":"","meta":[],"product_brand":[],"product_cat":[1061],"product_tag":[524],"class_list":{"0":"post-105329","1":"product","2":"type-product","3":"status-publish","4":"has-post-thumbnail","6":"product_cat-automaatmaarijad","7":"product_tag-automaatmaarija","9":"first","10":"instock","11":"taxable","12":"shipping-taxable","13":"purchasable","14":"product-type-simple"},"_links":{"self":[{"href":"https:\/\/kavial.ee\/et\/wp-json\/wp\/v2\/product\/105329","targetHints":{"allow":["GET"]}}],"collection":[{"href":"https:\/\/kavial.ee\/et\/wp-json\/wp\/v2\/product"}],"about":[{"href":"https:\/\/kavial.ee\/et\/wp-json\/wp\/v2\/types\/product"}],"wp:featuredmedia":[{"embeddable":true,"href":"https:\/\/kavial.ee\/et\/wp-json\/wp\/v2\/media\/155390"}],"wp:attachment":[{"href":"https:\/\/kavial.ee\/et\/wp-json\/wp\/v2\/media?parent=105329"}],"wp:term":[{"taxonomy":"product_brand","embeddable":true,"href":"https:\/\/kavial.ee\/et\/wp-json\/wp\/v2\/product_brand?post=105329"},{"taxonomy":"product_cat","embeddable":true,"href":"https:\/\/kavial.ee\/et\/wp-json\/wp\/v2\/product_cat?post=105329"},{"taxonomy":"product_tag","embeddable":true,"href":"https:\/\/kavial.ee\/et\/wp-json\/wp\/v2\/product_tag?post=105329"}],"curies":[{"name":"wp","href":"https:\/\/api.w.org\/{rel}","templated":true}]}}