{"id":105642,"date":"2023-10-24T10:21:29","date_gmt":"2023-10-24T07:21:29","guid":{"rendered":"https:\/\/kavial.ee\/et\/?post_type=product&#038;p=105642"},"modified":"2026-02-05T13:21:11","modified_gmt":"2026-02-05T11:21:11","slug":"510-aarikuhermeetik-250ml","status":"publish","type":"product","link":"https:\/\/kavial.ee\/et\/webshop\/hooldusseadmed\/toostuskeemia\/hermeetikud\/510-aarikuhermeetik-250ml\/","title":{"rendered":"510 \u00c4\u00e4rikuhermeetik 250ml"},"content":{"rendered":"<p>\u00c4\u00e4riku tihendihermeetik k\u00f5rge temperatuuri- ja kemikaalitaluvusega<br \/>\n250ml<\/p>\n","protected":false},"excerpt":{"rendered":"<p>\u00c4\u00e4riku tihendihermeetik k\u00f5rge temperatuuri- ja kemikaalitaluvusega 250ml<\/p>\n","protected":false},"featured_media":0,"template":"","meta":[],"product_brand":[],"product_cat":[531],"product_tag":[],"class_list":{"0":"post-105642","1":"product","2":"type-product","3":"status-publish","5":"product_cat-hermeetikud","7":"first","8":"outofstock","9":"taxable","10":"shipping-taxable","11":"purchasable","12":"product-type-simple"},"_links":{"self":[{"href":"https:\/\/kavial.ee\/et\/wp-json\/wp\/v2\/product\/105642","targetHints":{"allow":["GET"]}}],"collection":[{"href":"https:\/\/kavial.ee\/et\/wp-json\/wp\/v2\/product"}],"about":[{"href":"https:\/\/kavial.ee\/et\/wp-json\/wp\/v2\/types\/product"}],"wp:attachment":[{"href":"https:\/\/kavial.ee\/et\/wp-json\/wp\/v2\/media?parent=105642"}],"wp:term":[{"taxonomy":"product_brand","embeddable":true,"href":"https:\/\/kavial.ee\/et\/wp-json\/wp\/v2\/product_brand?post=105642"},{"taxonomy":"product_cat","embeddable":true,"href":"https:\/\/kavial.ee\/et\/wp-json\/wp\/v2\/product_cat?post=105642"},{"taxonomy":"product_tag","embeddable":true,"href":"https:\/\/kavial.ee\/et\/wp-json\/wp\/v2\/product_tag?post=105642"}],"curies":[{"name":"wp","href":"https:\/\/api.w.org\/{rel}","templated":true}]}}