{"id":105655,"date":"2023-10-24T10:21:34","date_gmt":"2023-10-24T07:21:34","guid":{"rendered":"https:\/\/kavial.ee\/et\/?post_type=product&#038;p=105655"},"modified":"2026-03-23T17:09:01","modified_gmt":"2026-03-23T15:09:01","slug":"5699-aarikuhermeetik-300ml","status":"publish","type":"product","link":"https:\/\/kavial.ee\/et\/webshop\/hooldusseadmed\/toostuskeemia\/hermeetikud\/5699-aarikuhermeetik-300ml\/","title":{"rendered":"5699 \u00c4\u00e4rikuhermeetik 300ml"},"content":{"rendered":"<p>Vee- ja gl\u00fckoolikindel halli v\u00e4rvi \u00e4\u00e4rikuhermeetik<br \/>\nV\u00e4rv: hall<br \/>\n300ml<\/p>\n","protected":false},"excerpt":{"rendered":"<p>Vee- ja gl\u00fckoolikindel halli v\u00e4rvi \u00e4\u00e4rikuhermeetik V\u00e4rv: hall 300ml<\/p>\n","protected":false},"featured_media":155443,"template":"","meta":[],"product_brand":[],"product_cat":[531],"product_tag":[],"class_list":{"0":"post-105655","1":"product","2":"type-product","3":"status-publish","4":"has-post-thumbnail","6":"product_cat-hermeetikud","8":"first","9":"instock","10":"taxable","11":"shipping-taxable","12":"purchasable","13":"product-type-simple"},"_links":{"self":[{"href":"https:\/\/kavial.ee\/et\/wp-json\/wp\/v2\/product\/105655","targetHints":{"allow":["GET"]}}],"collection":[{"href":"https:\/\/kavial.ee\/et\/wp-json\/wp\/v2\/product"}],"about":[{"href":"https:\/\/kavial.ee\/et\/wp-json\/wp\/v2\/types\/product"}],"wp:featuredmedia":[{"embeddable":true,"href":"https:\/\/kavial.ee\/et\/wp-json\/wp\/v2\/media\/155443"}],"wp:attachment":[{"href":"https:\/\/kavial.ee\/et\/wp-json\/wp\/v2\/media?parent=105655"}],"wp:term":[{"taxonomy":"product_brand","embeddable":true,"href":"https:\/\/kavial.ee\/et\/wp-json\/wp\/v2\/product_brand?post=105655"},{"taxonomy":"product_cat","embeddable":true,"href":"https:\/\/kavial.ee\/et\/wp-json\/wp\/v2\/product_cat?post=105655"},{"taxonomy":"product_tag","embeddable":true,"href":"https:\/\/kavial.ee\/et\/wp-json\/wp\/v2\/product_tag?post=105655"}],"curies":[{"name":"wp","href":"https:\/\/api.w.org\/{rel}","templated":true}]}}