{"id":105715,"date":"2023-10-24T10:09:50","date_gmt":"2023-10-24T07:09:50","guid":{"rendered":"https:\/\/kavial.ee\/et\/?post_type=product&#038;p=105715"},"modified":"2026-02-05T13:21:34","modified_gmt":"2026-02-05T11:21:34","slug":"8009-heavy-duty-haardumisvastane-grafiidimaare-454g","status":"publish","type":"product","link":"https:\/\/kavial.ee\/et\/webshop\/hooldusseadmed\/toostuskeemia\/uldmaardeained\/8009-heavy-duty-haardumisvastane-grafiidimaare-454g\/","title":{"rendered":"8009 Heavy Duty haardumisvastane grafiidim\u00e4\u00e4re 454g"},"content":{"rendered":"<p>Haardumisvastane grafiidi- ja kaltsiumfluoriidisisaldusega m\u00e4\u00e4re<br \/>\n454g<\/p>\n","protected":false},"excerpt":{"rendered":"<p>Haardumisvastane grafiidi- ja kaltsiumfluoriidisisaldusega m\u00e4\u00e4re 454g<\/p>\n","protected":false},"featured_media":143932,"template":"","meta":[],"product_brand":[],"product_cat":[528],"product_tag":[],"class_list":{"0":"post-105715","1":"product","2":"type-product","3":"status-publish","4":"has-post-thumbnail","6":"product_cat-uldmaardeained","8":"first","9":"instock","10":"taxable","11":"shipping-taxable","12":"purchasable","13":"product-type-simple"},"_links":{"self":[{"href":"https:\/\/kavial.ee\/et\/wp-json\/wp\/v2\/product\/105715","targetHints":{"allow":["GET"]}}],"collection":[{"href":"https:\/\/kavial.ee\/et\/wp-json\/wp\/v2\/product"}],"about":[{"href":"https:\/\/kavial.ee\/et\/wp-json\/wp\/v2\/types\/product"}],"wp:featuredmedia":[{"embeddable":true,"href":"https:\/\/kavial.ee\/et\/wp-json\/wp\/v2\/media\/143932"}],"wp:attachment":[{"href":"https:\/\/kavial.ee\/et\/wp-json\/wp\/v2\/media?parent=105715"}],"wp:term":[{"taxonomy":"product_brand","embeddable":true,"href":"https:\/\/kavial.ee\/et\/wp-json\/wp\/v2\/product_brand?post=105715"},{"taxonomy":"product_cat","embeddable":true,"href":"https:\/\/kavial.ee\/et\/wp-json\/wp\/v2\/product_cat?post=105715"},{"taxonomy":"product_tag","embeddable":true,"href":"https:\/\/kavial.ee\/et\/wp-json\/wp\/v2\/product_tag?post=105715"}],"curies":[{"name":"wp","href":"https:\/\/api.w.org\/{rel}","templated":true}]}}