{"id":106477,"date":"2023-11-30T12:01:27","date_gmt":"2023-11-30T10:01:27","guid":{"rendered":"https:\/\/kavial.ee\/et\/?post_type=product&#038;p=106477"},"modified":"2026-01-09T14:36:22","modified_gmt":"2026-01-09T12:36:22","slug":"gsft25","status":"publish","type":"product","link":"https:\/\/kavial.ee\/et\/webshop\/masinaelemendid\/laagrisolmed\/pukklaagrid-pukid-laagrid\/ucfl-ucflz-ukfl-safd-ufl\/gsft25\/","title":{"rendered":"GSFT25"},"content":{"rendered":"<p>MUCNFL205<br \/>\nTermoplastist korpus; roostevaba teras; seadekruvidega pukklaager; \u00f5lireflektoriga tihend; toiduainet\u00f6\u00f6stuse m\u00e4\u00e4re<br \/>\n25<\/p>\n","protected":false},"excerpt":{"rendered":"<p>MUCNFL205 Termoplastist korpus; roostevaba teras; seadekruvidega pukklaager; \u00f5lireflektoriga tihend; toiduainet\u00f6\u00f6stuse m\u00e4\u00e4re 25<\/p>\n","protected":false},"featured_media":0,"template":"","meta":[],"product_brand":[],"product_cat":[501],"product_tag":[394],"class_list":{"0":"post-106477","1":"product","2":"type-product","3":"status-publish","5":"product_cat-ucfl-ucflz-ukfl-safd-ufl","6":"product_tag-pukklaager","8":"first","9":"instock","10":"taxable","11":"shipping-taxable","12":"purchasable","13":"product-type-simple"},"_links":{"self":[{"href":"https:\/\/kavial.ee\/et\/wp-json\/wp\/v2\/product\/106477","targetHints":{"allow":["GET"]}}],"collection":[{"href":"https:\/\/kavial.ee\/et\/wp-json\/wp\/v2\/product"}],"about":[{"href":"https:\/\/kavial.ee\/et\/wp-json\/wp\/v2\/types\/product"}],"wp:attachment":[{"href":"https:\/\/kavial.ee\/et\/wp-json\/wp\/v2\/media?parent=106477"}],"wp:term":[{"taxonomy":"product_brand","embeddable":true,"href":"https:\/\/kavial.ee\/et\/wp-json\/wp\/v2\/product_brand?post=106477"},{"taxonomy":"product_cat","embeddable":true,"href":"https:\/\/kavial.ee\/et\/wp-json\/wp\/v2\/product_cat?post=106477"},{"taxonomy":"product_tag","embeddable":true,"href":"https:\/\/kavial.ee\/et\/wp-json\/wp\/v2\/product_tag?post=106477"}],"curies":[{"name":"wp","href":"https:\/\/api.w.org\/{rel}","templated":true}]}}