{"id":134497,"date":"2025-02-27T01:36:58","date_gmt":"2025-02-26T23:36:58","guid":{"rendered":"https:\/\/kavial.ee\/et\/?post_type=product&#038;p=134497"},"modified":"2026-01-22T14:33:24","modified_gmt":"2026-01-22T12:33:24","slug":"wh40-h7-x26-c60-625","status":"publish","type":"product","link":"https:\/\/kavial.ee\/et\/webshop\/lineaarkeskus\/umarjuhikud\/vollid\/wh40-h7-x26-c60-625\/","title":{"rendered":"WH40\/H7-X26-C60\/625"},"content":{"rendered":"<p>\u00d5\u00f5nesv\u00f5ll \u00d840mm<br \/>\nSisel\u00e4bim\u00f5\u00f5t 26mm<br \/>\nTeras C60<br \/>\nISO tolerants h7<br \/>\nL = 625mm<\/p>\n","protected":false},"excerpt":{"rendered":"<p>\u00d5\u00f5nesv\u00f5ll \u00d840mm Sisel\u00e4bim\u00f5\u00f5t 26mm Teras C60 ISO tolerants h7 L = 625mm<\/p>\n","protected":false},"featured_media":0,"template":"","meta":[],"product_brand":[],"product_cat":[738],"product_tag":[398],"class_list":{"0":"post-134497","1":"product","2":"type-product","3":"status-publish","5":"product_cat-vollid","6":"product_tag-voll","8":"first","9":"instock","10":"taxable","11":"shipping-taxable","12":"purchasable","13":"product-type-simple"},"_links":{"self":[{"href":"https:\/\/kavial.ee\/et\/wp-json\/wp\/v2\/product\/134497","targetHints":{"allow":["GET"]}}],"collection":[{"href":"https:\/\/kavial.ee\/et\/wp-json\/wp\/v2\/product"}],"about":[{"href":"https:\/\/kavial.ee\/et\/wp-json\/wp\/v2\/types\/product"}],"wp:attachment":[{"href":"https:\/\/kavial.ee\/et\/wp-json\/wp\/v2\/media?parent=134497"}],"wp:term":[{"taxonomy":"product_brand","embeddable":true,"href":"https:\/\/kavial.ee\/et\/wp-json\/wp\/v2\/product_brand?post=134497"},{"taxonomy":"product_cat","embeddable":true,"href":"https:\/\/kavial.ee\/et\/wp-json\/wp\/v2\/product_cat?post=134497"},{"taxonomy":"product_tag","embeddable":true,"href":"https:\/\/kavial.ee\/et\/wp-json\/wp\/v2\/product_tag?post=134497"}],"curies":[{"name":"wp","href":"https:\/\/api.w.org\/{rel}","templated":true}]}}