{"id":136606,"date":"2024-09-02T01:47:32","date_gmt":"2024-09-01T22:47:32","guid":{"rendered":"https:\/\/kavial.ee\/et\/?post_type=product&#038;p=136606"},"modified":"2026-03-13T17:12:41","modified_gmt":"2026-03-13T15:12:41","slug":"pc32520020-18cs","status":"publish","type":"product","link":"https:\/\/kavial.ee\/et\/webshop\/masinaelemendid\/erilaagrid\/autolaagrid\/kompressori-laagrid\/pc32520020-18cs\/","title":{"rendered":"PC32520020\/18CS"},"content":{"rendered":"<p>Kompressori laager<br \/>\nRakendus:<br \/>\nMercedes Benz \u00f5hupump 104-140-06-85 (1991-2001)<br \/>\nMercedes Benz \u00f5hupump 104-140-12-85 (1991-2001)<br \/>\nMercedes Benz \u00f5hupump 104-140-13-85 (1991-2001)<br \/>\nMercedes Benz \u00f5hupump 104-140-14-85 (1991-2001)<br \/>\nMercedes Benz \u00f5hupump 109-140-12-85 (1991-2001)<br \/>\nMercedes Benz \u00f5hupump 116-140-12-85 (1991-2001)<br \/>\nMercedes Benz \u00f5hupump 119-140-09-85 (1991-2001)<br \/>\nMercedes Benz \u00f5hupump 120-140-01-85 (1991-2001)<br \/>\nSeiko Seiki BMW 3-seeria kliimaseadmete kompressorid<br \/>\nAsendus:<br \/>\nINA L32\/52 2RSOH03<br \/>\nINA 00019814227<br \/>\nNTN 2TE2-DF0676LH<br \/>\nNTN 2TS2-DF0676LLHCS<br \/>\nNSK 32BG05S18G-2DS<br \/>\nNSK 32BD5218<br \/>\nNSK 101.007\/32<br \/>\n32x52x18\/20<\/p>\n","protected":false},"excerpt":{"rendered":"<p>Kompressori laager Rakendus: Mercedes Benz \u00f5hupump 104-140-06-85 (1991-2001) Mercedes Benz \u00f5hupump 104-140-12-85 (1991-2001) Mercedes Benz \u00f5hupump 104-140-13-85 (1991-2001) Mercedes Benz \u00f5hupump 104-140-14-85 (1991-2001) Mercedes Benz \u00f5hupump 109-140-12-85 (1991-2001) Mercedes Benz \u00f5hupump 116-140-12-85 (1991-2001) Mercedes Benz \u00f5hupump 119-140-09-85 (1991-2001) Mercedes Benz \u00f5hupump 120-140-01-85 (1991-2001) Seiko Seiki BMW 3-seeria kliimaseadmete kompressorid Asendus: INA L32\/52 2RSOH03 INA 00019814227 [&hellip;]<\/p>\n","protected":false},"featured_media":0,"template":"","meta":[],"product_brand":[],"product_cat":[102],"product_tag":[83],"class_list":{"0":"post-136606","1":"product","2":"type-product","3":"status-publish","5":"product_cat-kompressori-laagrid","6":"product_tag-laager","8":"first","9":"instock","10":"taxable","11":"shipping-taxable","12":"purchasable","13":"product-type-simple"},"_links":{"self":[{"href":"https:\/\/kavial.ee\/et\/wp-json\/wp\/v2\/product\/136606","targetHints":{"allow":["GET"]}}],"collection":[{"href":"https:\/\/kavial.ee\/et\/wp-json\/wp\/v2\/product"}],"about":[{"href":"https:\/\/kavial.ee\/et\/wp-json\/wp\/v2\/types\/product"}],"wp:attachment":[{"href":"https:\/\/kavial.ee\/et\/wp-json\/wp\/v2\/media?parent=136606"}],"wp:term":[{"taxonomy":"product_brand","embeddable":true,"href":"https:\/\/kavial.ee\/et\/wp-json\/wp\/v2\/product_brand?post=136606"},{"taxonomy":"product_cat","embeddable":true,"href":"https:\/\/kavial.ee\/et\/wp-json\/wp\/v2\/product_cat?post=136606"},{"taxonomy":"product_tag","embeddable":true,"href":"https:\/\/kavial.ee\/et\/wp-json\/wp\/v2\/product_tag?post=136606"}],"curies":[{"name":"wp","href":"https:\/\/api.w.org\/{rel}","templated":true}]}}