{"id":136621,"date":"2024-09-02T01:46:54","date_gmt":"2024-09-01T22:46:54","guid":{"rendered":"https:\/\/kavial.ee\/et\/?post_type=product&#038;p=136621"},"modified":"2026-03-16T17:12:19","modified_gmt":"2026-03-16T15:12:19","slug":"acb30x55x23","status":"publish","type":"product","link":"https:\/\/kavial.ee\/et\/webshop\/masinaelemendid\/erilaagrid\/autolaagrid\/kompressori-laagrid\/acb30x55x23\/","title":{"rendered":"ACB30X55X23"},"content":{"rendered":"<p>Kompressori laager<br \/>\nRakendus:<br \/>\nBEHR (k\u00f5ik mudelid)<br \/>\nBOSCH (k\u00f5ik mudelid)<br \/>\nDIESEL KIKI DKS16H<br \/>\nFORD FS10<br \/>\nFORD FX15<br \/>\nJOHN DEERE Row<br \/>\nNIHON DKV14B<br \/>\nNIHON NVR140S<br \/>\nTECUMSEH (k\u00f5ik mudelid)<br \/>\nYETTER<br \/>\nYORK 206<br \/>\nYORK 209<br \/>\nYORK 210<br \/>\nAsendus:<br \/>\nJohn Deere AA38601<br \/>\nKoyo 6006RK<br \/>\nNachi 30BG05S5G-2DS<br \/>\nNSK 30BD40AT12DDU<br \/>\nNTN DF0654LU<br \/>\nYetter 2570-594<br \/>\n30x55x23<\/p>\n","protected":false},"excerpt":{"rendered":"<p>Kompressori laager Rakendus: BEHR (k\u00f5ik mudelid) BOSCH (k\u00f5ik mudelid) DIESEL KIKI DKS16H FORD FS10 FORD FX15 JOHN DEERE Row NIHON DKV14B NIHON NVR140S TECUMSEH (k\u00f5ik mudelid) YETTER YORK 206 YORK 209 YORK 210 Asendus: John Deere AA38601 Koyo 6006RK Nachi 30BG05S5G-2DS NSK 30BD40AT12DDU NTN DF0654LU Yetter 2570-594 30x55x23<\/p>\n","protected":false},"featured_media":0,"template":"","meta":[],"product_brand":[],"product_cat":[102],"product_tag":[83],"class_list":{"0":"post-136621","1":"product","2":"type-product","3":"status-publish","5":"product_cat-kompressori-laagrid","6":"product_tag-laager","8":"first","9":"instock","10":"taxable","11":"shipping-taxable","12":"purchasable","13":"product-type-simple"},"_links":{"self":[{"href":"https:\/\/kavial.ee\/et\/wp-json\/wp\/v2\/product\/136621","targetHints":{"allow":["GET"]}}],"collection":[{"href":"https:\/\/kavial.ee\/et\/wp-json\/wp\/v2\/product"}],"about":[{"href":"https:\/\/kavial.ee\/et\/wp-json\/wp\/v2\/types\/product"}],"wp:attachment":[{"href":"https:\/\/kavial.ee\/et\/wp-json\/wp\/v2\/media?parent=136621"}],"wp:term":[{"taxonomy":"product_brand","embeddable":true,"href":"https:\/\/kavial.ee\/et\/wp-json\/wp\/v2\/product_brand?post=136621"},{"taxonomy":"product_cat","embeddable":true,"href":"https:\/\/kavial.ee\/et\/wp-json\/wp\/v2\/product_cat?post=136621"},{"taxonomy":"product_tag","embeddable":true,"href":"https:\/\/kavial.ee\/et\/wp-json\/wp\/v2\/product_tag?post=136621"}],"curies":[{"name":"wp","href":"https:\/\/api.w.org\/{rel}","templated":true}]}}