{"id":139587,"date":"2024-10-15T19:26:17","date_gmt":"2024-10-15T16:26:17","guid":{"rendered":"https:\/\/kavial.ee\/et\/?post_type=product&#038;p=139587"},"modified":"2026-02-05T13:21:02","modified_gmt":"2026-02-05T11:21:02","slug":"8104-toiduainetoostuse-silikoonmaare-1l","status":"publish","type":"product","link":"https:\/\/kavial.ee\/et\/webshop\/hooldusseadmed\/toostuskeemia\/uldmaardeained\/8104-toiduainetoostuse-silikoonmaare-1l\/","title":{"rendered":"8104 Toiduainet\u00f6\u00f6stuse silikoonm\u00e4\u00e4re 1L"},"content":{"rendered":"<p>1000ml<\/p>\n","protected":false},"excerpt":{"rendered":"<p>1000ml<\/p>\n","protected":false},"featured_media":0,"template":"","meta":[],"product_brand":[],"product_cat":[528],"product_tag":[],"class_list":{"0":"post-139587","1":"product","2":"type-product","3":"status-publish","5":"product_cat-uldmaardeained","7":"first","8":"outofstock","9":"taxable","10":"shipping-taxable","11":"product-type-simple"},"_links":{"self":[{"href":"https:\/\/kavial.ee\/et\/wp-json\/wp\/v2\/product\/139587","targetHints":{"allow":["GET"]}}],"collection":[{"href":"https:\/\/kavial.ee\/et\/wp-json\/wp\/v2\/product"}],"about":[{"href":"https:\/\/kavial.ee\/et\/wp-json\/wp\/v2\/types\/product"}],"wp:attachment":[{"href":"https:\/\/kavial.ee\/et\/wp-json\/wp\/v2\/media?parent=139587"}],"wp:term":[{"taxonomy":"product_brand","embeddable":true,"href":"https:\/\/kavial.ee\/et\/wp-json\/wp\/v2\/product_brand?post=139587"},{"taxonomy":"product_cat","embeddable":true,"href":"https:\/\/kavial.ee\/et\/wp-json\/wp\/v2\/product_cat?post=139587"},{"taxonomy":"product_tag","embeddable":true,"href":"https:\/\/kavial.ee\/et\/wp-json\/wp\/v2\/product_tag?post=139587"}],"curies":[{"name":"wp","href":"https:\/\/api.w.org\/{rel}","templated":true}]}}