{"id":142059,"date":"2025-01-15T12:23:18","date_gmt":"2025-01-15T10:23:18","guid":{"rendered":"https:\/\/kavial.ee\/et\/?post_type=product&#038;p=142059"},"modified":"2026-05-14T17:15:08","modified_gmt":"2026-05-14T14:15:08","slug":"18-2-puller-60-200-250-mm","status":"publish","type":"product","link":"https:\/\/kavial.ee\/et\/webshop\/hooldusseadmed\/kukko-hooldusseadmed\/kukko-mehaanilised-tommitsad\/18-2-puller-60-200-250-mm\/","title":{"rendered":"18-2 Puller 60-200\/250 mm"},"content":{"rendered":"<p>T\u00f5mmits; ulatuv laius 68-244mm; ulatuv s\u00fcgavus 260mm; maks. moment 120Nm; maks. venitusj\u00f5ud 70kN; maks. t\u00f5mbej\u00f5ud 7t; kuuskantpesa 22mm<\/p>\n<p>EAN: 4021176075759<\/p>\n","protected":false},"excerpt":{"rendered":"<p>T\u00f5mmits; ulatuv laius 68-244mm; ulatuv s\u00fcgavus 260mm; maks. moment 120Nm; maks. venitusj\u00f5ud 70kN; maks. t\u00f5mbej\u00f5ud 7t; kuuskantpesa 22mm EAN: 4021176075759<\/p>\n","protected":false},"featured_media":142191,"template":"","meta":[],"product_brand":[],"product_cat":[1040],"product_tag":[],"class_list":{"0":"post-142059","1":"product","2":"type-product","3":"status-publish","4":"has-post-thumbnail","6":"product_cat-kukko-mehaanilised-tommitsad","8":"first","9":"instock","10":"taxable","11":"shipping-taxable","12":"purchasable","13":"product-type-simple"},"_links":{"self":[{"href":"https:\/\/kavial.ee\/et\/wp-json\/wp\/v2\/product\/142059","targetHints":{"allow":["GET"]}}],"collection":[{"href":"https:\/\/kavial.ee\/et\/wp-json\/wp\/v2\/product"}],"about":[{"href":"https:\/\/kavial.ee\/et\/wp-json\/wp\/v2\/types\/product"}],"wp:featuredmedia":[{"embeddable":true,"href":"https:\/\/kavial.ee\/et\/wp-json\/wp\/v2\/media\/142191"}],"wp:attachment":[{"href":"https:\/\/kavial.ee\/et\/wp-json\/wp\/v2\/media?parent=142059"}],"wp:term":[{"taxonomy":"product_brand","embeddable":true,"href":"https:\/\/kavial.ee\/et\/wp-json\/wp\/v2\/product_brand?post=142059"},{"taxonomy":"product_cat","embeddable":true,"href":"https:\/\/kavial.ee\/et\/wp-json\/wp\/v2\/product_cat?post=142059"},{"taxonomy":"product_tag","embeddable":true,"href":"https:\/\/kavial.ee\/et\/wp-json\/wp\/v2\/product_tag?post=142059"}],"curies":[{"name":"wp","href":"https:\/\/api.w.org\/{rel}","templated":true}]}}