{"id":142061,"date":"2025-01-15T12:23:15","date_gmt":"2025-01-15T10:23:15","guid":{"rendered":"https:\/\/kavial.ee\/et\/?post_type=product&#038;p=142061"},"modified":"2025-07-02T03:23:41","modified_gmt":"2025-07-02T00:23:41","slug":"20-10-universal-2-jaw-puller-with-quick-adjusting-jaws","status":"publish","type":"product","link":"https:\/\/kavial.ee\/et\/webshop\/hooldusseadmed\/kukko-hooldusseadmed\/kukko-mehaanilised-tommitsad\/20-10-universal-2-jaw-puller-with-quick-adjusting-jaws\/","title":{"rendered":"20-10+ Universal 2-jaw puller with quick adjusting jaws"},"content":{"rendered":"<p>Reguleeritav 2-haaratsiga t\u00f5mmits; ulatuv laius 10-130mm; ulatuv s\u00fcgavus 100mm; maks. moment 80Nm; maks. venitusj\u00f5ud 45kN; maks. t\u00f5mbej\u00f5ud 4.5t; kuuskantpesa 17mm<\/p>\n<p>EAN: 4021176644856<\/p>\n","protected":false},"excerpt":{"rendered":"<p>Reguleeritav 2-haaratsiga t\u00f5mmits; ulatuv laius 10-130mm; ulatuv s\u00fcgavus 100mm; maks. moment 80Nm; maks. venitusj\u00f5ud 45kN; maks. t\u00f5mbej\u00f5ud 4.5t; kuuskantpesa 17mm EAN: 4021176644856<\/p>\n","protected":false},"featured_media":142189,"template":"","meta":[],"product_brand":[],"product_cat":[1040],"product_tag":[],"class_list":{"0":"post-142061","1":"product","2":"type-product","3":"status-publish","4":"has-post-thumbnail","6":"product_cat-kukko-mehaanilised-tommitsad","8":"first","9":"instock","10":"taxable","11":"shipping-taxable","12":"purchasable","13":"product-type-simple"},"_links":{"self":[{"href":"https:\/\/kavial.ee\/et\/wp-json\/wp\/v2\/product\/142061","targetHints":{"allow":["GET"]}}],"collection":[{"href":"https:\/\/kavial.ee\/et\/wp-json\/wp\/v2\/product"}],"about":[{"href":"https:\/\/kavial.ee\/et\/wp-json\/wp\/v2\/types\/product"}],"wp:featuredmedia":[{"embeddable":true,"href":"https:\/\/kavial.ee\/et\/wp-json\/wp\/v2\/media\/142189"}],"wp:attachment":[{"href":"https:\/\/kavial.ee\/et\/wp-json\/wp\/v2\/media?parent=142061"}],"wp:term":[{"taxonomy":"product_brand","embeddable":true,"href":"https:\/\/kavial.ee\/et\/wp-json\/wp\/v2\/product_brand?post=142061"},{"taxonomy":"product_cat","embeddable":true,"href":"https:\/\/kavial.ee\/et\/wp-json\/wp\/v2\/product_cat?post=142061"},{"taxonomy":"product_tag","embeddable":true,"href":"https:\/\/kavial.ee\/et\/wp-json\/wp\/v2\/product_tag?post=142061"}],"curies":[{"name":"wp","href":"https:\/\/api.w.org\/{rel}","templated":true}]}}