{"id":142068,"date":"2025-01-15T13:03:36","date_gmt":"2025-01-15T11:03:36","guid":{"rendered":"https:\/\/kavial.ee\/et\/?post_type=product&#038;p=142068"},"modified":"2025-07-02T03:23:46","modified_gmt":"2025-07-02T00:23:46","slug":"21-1-internal-extractor","status":"publish","type":"product","link":"https:\/\/kavial.ee\/et\/webshop\/hooldusseadmed\/kukko-hooldusseadmed\/kukko-mehaanilised-tommitsad\/21-1-internal-extractor\/","title":{"rendered":"21-1 Internal extractor"},"content":{"rendered":"<p>Siset\u00f5mmits 2-osaline; ulatuv laius 12-16mm; ulatuv s\u00fcgavus 25mm; l\u00e4bim\u00f5\u00f5t 17mm; keere M7; kuuskantpesa 13mm<\/p>\n<p>EAN: 4021176010811<\/p>\n","protected":false},"excerpt":{"rendered":"<p>Siset\u00f5mmits 2-osaline; ulatuv laius 12-16mm; ulatuv s\u00fcgavus 25mm; l\u00e4bim\u00f5\u00f5t 17mm; keere M7; kuuskantpesa 13mm EAN: 4021176010811<\/p>\n","protected":false},"featured_media":142141,"template":"","meta":[],"product_brand":[],"product_cat":[1040],"product_tag":[],"class_list":{"0":"post-142068","1":"product","2":"type-product","3":"status-publish","4":"has-post-thumbnail","6":"product_cat-kukko-mehaanilised-tommitsad","8":"first","9":"instock","10":"taxable","11":"shipping-taxable","12":"purchasable","13":"product-type-simple"},"_links":{"self":[{"href":"https:\/\/kavial.ee\/et\/wp-json\/wp\/v2\/product\/142068","targetHints":{"allow":["GET"]}}],"collection":[{"href":"https:\/\/kavial.ee\/et\/wp-json\/wp\/v2\/product"}],"about":[{"href":"https:\/\/kavial.ee\/et\/wp-json\/wp\/v2\/types\/product"}],"wp:featuredmedia":[{"embeddable":true,"href":"https:\/\/kavial.ee\/et\/wp-json\/wp\/v2\/media\/142141"}],"wp:attachment":[{"href":"https:\/\/kavial.ee\/et\/wp-json\/wp\/v2\/media?parent=142068"}],"wp:term":[{"taxonomy":"product_brand","embeddable":true,"href":"https:\/\/kavial.ee\/et\/wp-json\/wp\/v2\/product_brand?post=142068"},{"taxonomy":"product_cat","embeddable":true,"href":"https:\/\/kavial.ee\/et\/wp-json\/wp\/v2\/product_cat?post=142068"},{"taxonomy":"product_tag","embeddable":true,"href":"https:\/\/kavial.ee\/et\/wp-json\/wp\/v2\/product_tag?post=142068"}],"curies":[{"name":"wp","href":"https:\/\/api.w.org\/{rel}","templated":true}]}}