{"id":142087,"date":"2025-01-15T12:23:17","date_gmt":"2025-01-15T10:23:17","guid":{"rendered":"https:\/\/kavial.ee\/et\/?post_type=product&#038;p=142087"},"modified":"2026-05-14T17:15:17","modified_gmt":"2026-05-14T14:15:17","slug":"42-4-universal-3-jaw-puller-with-swiveling-jaws","status":"publish","type":"product","link":"https:\/\/kavial.ee\/et\/webshop\/hooldusseadmed\/kukko-hooldusseadmed\/kukko-mehaanilised-tommitsad\/42-4-universal-3-jaw-puller-with-swiveling-jaws\/","title":{"rendered":"42-4 Universal 3-jaw puller with swiveling jaws"},"content":{"rendered":"<p>P\u00f6\u00f6rdteljega 3-haaratsiga t\u00f5mmits; ulatuv laius 0-130mm; ulatuv s\u00fcgavus 160mm; maks. moment 85Nm; maks. venitusj\u00f5ud 50kN; maks. t\u00f5mbej\u00f5ud 5t; kuuskantpesa 17mm<\/p>\n<p>EAN: 4021176836428<\/p>\n","protected":false},"excerpt":{"rendered":"<p>P\u00f6\u00f6rdteljega 3-haaratsiga t\u00f5mmits; ulatuv laius 0-130mm; ulatuv s\u00fcgavus 160mm; maks. moment 85Nm; maks. venitusj\u00f5ud 50kN; maks. t\u00f5mbej\u00f5ud 5t; kuuskantpesa 17mm EAN: 4021176836428<\/p>\n","protected":false},"featured_media":146698,"template":"","meta":[],"product_brand":[],"product_cat":[1040],"product_tag":[],"class_list":{"0":"post-142087","1":"product","2":"type-product","3":"status-publish","4":"has-post-thumbnail","6":"product_cat-kukko-mehaanilised-tommitsad","8":"first","9":"instock","10":"taxable","11":"shipping-taxable","12":"purchasable","13":"product-type-simple"},"_links":{"self":[{"href":"https:\/\/kavial.ee\/et\/wp-json\/wp\/v2\/product\/142087","targetHints":{"allow":["GET"]}}],"collection":[{"href":"https:\/\/kavial.ee\/et\/wp-json\/wp\/v2\/product"}],"about":[{"href":"https:\/\/kavial.ee\/et\/wp-json\/wp\/v2\/types\/product"}],"wp:featuredmedia":[{"embeddable":true,"href":"https:\/\/kavial.ee\/et\/wp-json\/wp\/v2\/media\/146698"}],"wp:attachment":[{"href":"https:\/\/kavial.ee\/et\/wp-json\/wp\/v2\/media?parent=142087"}],"wp:term":[{"taxonomy":"product_brand","embeddable":true,"href":"https:\/\/kavial.ee\/et\/wp-json\/wp\/v2\/product_brand?post=142087"},{"taxonomy":"product_cat","embeddable":true,"href":"https:\/\/kavial.ee\/et\/wp-json\/wp\/v2\/product_cat?post=142087"},{"taxonomy":"product_tag","embeddable":true,"href":"https:\/\/kavial.ee\/et\/wp-json\/wp\/v2\/product_tag?post=142087"}],"curies":[{"name":"wp","href":"https:\/\/api.w.org\/{rel}","templated":true}]}}