{"id":142088,"date":"2025-01-15T12:23:20","date_gmt":"2025-01-15T10:23:20","guid":{"rendered":"https:\/\/kavial.ee\/et\/?post_type=product&#038;p=142088"},"modified":"2026-05-14T17:15:18","modified_gmt":"2026-05-14T14:15:18","slug":"42-5-universal-3-jaw-puller-with-swiveling-jaws","status":"publish","type":"product","link":"https:\/\/kavial.ee\/et\/webshop\/hooldusseadmed\/kukko-hooldusseadmed\/kukko-mehaanilised-tommitsad\/42-5-universal-3-jaw-puller-with-swiveling-jaws\/","title":{"rendered":"42-5 Universal 3-jaw puller with swiveling jaws"},"content":{"rendered":"<p>P\u00f6\u00f6rdteljega 3-haaratsiga t\u00f5mmits; ulatuv laius 0-180mm; ulatuv s\u00fcgavus 200mm; maks. moment 150Nm; maks. venitusj\u00f5ud 70kN; maks. t\u00f5mbej\u00f5ud 7t; kuuskantpesa 22mm<\/p>\n<p>EAN: 4021176836596<\/p>\n","protected":false},"excerpt":{"rendered":"<p>P\u00f6\u00f6rdteljega 3-haaratsiga t\u00f5mmits; ulatuv laius 0-180mm; ulatuv s\u00fcgavus 200mm; maks. moment 150Nm; maks. venitusj\u00f5ud 70kN; maks. t\u00f5mbej\u00f5ud 7t; kuuskantpesa 22mm EAN: 4021176836596<\/p>\n","protected":false},"featured_media":142134,"template":"","meta":[],"product_brand":[],"product_cat":[1040],"product_tag":[],"class_list":{"0":"post-142088","1":"product","2":"type-product","3":"status-publish","4":"has-post-thumbnail","6":"product_cat-kukko-mehaanilised-tommitsad","8":"first","9":"instock","10":"taxable","11":"shipping-taxable","12":"purchasable","13":"product-type-simple"},"_links":{"self":[{"href":"https:\/\/kavial.ee\/et\/wp-json\/wp\/v2\/product\/142088","targetHints":{"allow":["GET"]}}],"collection":[{"href":"https:\/\/kavial.ee\/et\/wp-json\/wp\/v2\/product"}],"about":[{"href":"https:\/\/kavial.ee\/et\/wp-json\/wp\/v2\/types\/product"}],"wp:featuredmedia":[{"embeddable":true,"href":"https:\/\/kavial.ee\/et\/wp-json\/wp\/v2\/media\/142134"}],"wp:attachment":[{"href":"https:\/\/kavial.ee\/et\/wp-json\/wp\/v2\/media?parent=142088"}],"wp:term":[{"taxonomy":"product_brand","embeddable":true,"href":"https:\/\/kavial.ee\/et\/wp-json\/wp\/v2\/product_brand?post=142088"},{"taxonomy":"product_cat","embeddable":true,"href":"https:\/\/kavial.ee\/et\/wp-json\/wp\/v2\/product_cat?post=142088"},{"taxonomy":"product_tag","embeddable":true,"href":"https:\/\/kavial.ee\/et\/wp-json\/wp\/v2\/product_tag?post=142088"}],"curies":[{"name":"wp","href":"https:\/\/api.w.org\/{rel}","templated":true}]}}